{"id":38,"date":"2025-04-10T10:42:37","date_gmt":"2025-04-10T08:42:37","guid":{"rendered":"https:\/\/costaluzestates.com\/?page_id=38"},"modified":"2026-04-09T13:54:21","modified_gmt":"2026-04-09T11:54:21","slug":"transparenz","status":"publish","type":"page","link":"https:\/\/costaluzestates.com\/de\/trasparencia\/","title":{"rendered":"Transparenz"},"content":{"rendered":"<div data-elementor-type=\"wp-page\" data-elementor-id=\"38\" class=\"elementor elementor-38\" data-elementor-post-type=\"page\">\n\t\t\t\t<div class=\"elementor-element elementor-element-8b5dd36 e-flex e-con-boxed e-con e-parent\" data-id=\"8b5dd36\" data-element_type=\"container\" data-e-type=\"container\" data-settings=\"{&quot;background_background&quot;:&quot;classic&quot;}\">\n\t\t\t\t\t<div class=\"e-con-inner\">\n\t\t<div class=\"elementor-element elementor-element-68e8e4c e-con-full e-flex e-con e-child\" data-id=\"68e8e4c\" data-element_type=\"container\" data-e-type=\"container\">\n\t\t\t\t<div class=\"elementor-element elementor-element-8ae650d elementor-widget__width-initial elementor-widget elementor-widget-heading\" data-id=\"8ae650d\" data-element_type=\"widget\" data-e-type=\"widget\" data-widget_type=\"heading.default\">\n\t\t\t\t\t<h2 class=\"elementor-heading-title elementor-size-default\">Werkzeuge<\/h2>\t\t\t\t<\/div>\n\t\t\t\t<div class=\"elementor-element elementor-element-5926b37 elementor-widget__width-initial elementor-widget elementor-widget-text-editor\" data-id=\"5926b37\" data-element_type=\"widget\" data-e-type=\"widget\" data-widget_type=\"text-editor.default\">\n\t\t\t\t\t\t\t\t\t<p data-pm-slice=\"1 1 []\">Mein Ziel ist es, Ihnen einen effizienten und zug\u00e4nglichen Service zu bieten.<\/p>\t\t\t\t\t\t\t\t<\/div>\n\t\t\t\t<div class=\"elementor-element elementor-element-efd3287 elementor-widget__width-initial elementor-widget elementor-widget-image\" data-id=\"efd3287\" data-element_type=\"widget\" data-e-type=\"widget\" data-widget_type=\"image.default\">\n\t\t\t\t\t\t\t\t\t\t\t\t\t\t\t<img fetchpriority=\"high\" decoding=\"async\" width=\"650\" height=\"639\" src=\"https:\/\/costaluzestates.com\/wp-content\/uploads\/2025\/04\/img-trasparencia1.webp\" class=\"attachment-full size-full wp-image-237\" alt=\"Suche Immobilienmakler chiclana\" srcset=\"https:\/\/costaluzestates.com\/wp-content\/uploads\/2025\/04\/img-trasparencia1.webp 650w, https:\/\/costaluzestates.com\/wp-content\/uploads\/2025\/04\/img-trasparencia1-300x295.webp 300w\" sizes=\"(max-width: 650px) 100vw, 650px\" \/>\t\t\t\t\t\t\t\t\t\t\t\t\t\t\t<\/div>\n\t\t\t\t<div class=\"elementor-element elementor-element-c846e2f elementor-align-justify elementor-tablet-align-justify elementor-widget__width-initial elementor-widget elementor-widget-button\" data-id=\"c846e2f\" data-element_type=\"widget\" data-e-type=\"widget\" data-widget_type=\"button.default\">\n\t\t\t\t\t\t\t\t\t\t<a class=\"elementor-button elementor-button-link elementor-size-sm\" href=\"#\" target=\"_blank\">\n\t\t\t\t\t\t<span class=\"elementor-button-content-wrapper\">\n\t\t\t\t\t\t\t\t\t<span class=\"elementor-button-text\">Mehr sehen<\/span>\n\t\t\t\t\t<\/span>\n\t\t\t\t\t<\/a>\n\t\t\t\t\t\t\t\t<\/div>\n\t\t\t\t<\/div>\n\t\t<div class=\"elementor-element elementor-element-4d715ad e-con-full e-flex e-con e-child\" data-id=\"4d715ad\" data-element_type=\"container\" data-e-type=\"container\">\n\t\t<div class=\"elementor-element elementor-element-f49cd8e e-con-full e-flex e-con e-child\" data-id=\"f49cd8e\" data-element_type=\"container\" data-e-type=\"container\">\n\t\t\t\t<div class=\"elementor-element elementor-element-1604db5 elementor-widget-tablet__width-inherit elementor-widget__width-inherit elementor-widget elementor-widget-heading\" data-id=\"1604db5\" data-element_type=\"widget\" data-e-type=\"widget\" data-widget_type=\"heading.default\">\n\t\t\t\t\t<h2 class=\"elementor-heading-title elementor-size-default\">Werkzeuge<\/h2>\t\t\t\t<\/div>\n\t\t\t\t<div class=\"elementor-element elementor-element-48df624 elementor-widget__width-initial elementor-widget-tablet__width-inherit elementor-widget elementor-widget-text-editor\" data-id=\"48df624\" data-element_type=\"widget\" data-e-type=\"widget\" data-widget_type=\"text-editor.default\">\n\t\t\t\t\t\t\t\t\t<p>Unser Social Playbook ist Ihr Leitfaden f\u00fcr eine herausragende Social-Strategie. Wir helfen Ihnen, die Stimme, den Zweck und die Botschaften Ihrer Marke zu definieren, eine gezielte Kanalstrategie zu entwickeln und Inhalte zu erstellen, die ankommen. Mit klaren sozialen Richtlinien stellen wir sicher, dass Ihre Marke auf allen Plattformen sinnvoll und konsistent kommuniziert.<\/p>\t\t\t\t\t\t\t\t<\/div>\n\t\t\t\t<div class=\"elementor-element elementor-element-7a95b33 elementor-align-justify elementor-tablet-align-left elementor-widget__width-initial elementor-mobile-align-justify elementor-widget elementor-widget-button\" data-id=\"7a95b33\" data-element_type=\"widget\" data-e-type=\"widget\" data-widget_type=\"button.default\">\n\t\t\t\t\t\t\t\t\t\t<a class=\"elementor-button elementor-button-link elementor-size-sm\" href=\"#\">\n\t\t\t\t\t\t<span class=\"elementor-button-content-wrapper\">\n\t\t\t\t\t\t\t\t\t<span class=\"elementor-button-text\">Siehe<\/span>\n\t\t\t\t\t<\/span>\n\t\t\t\t\t<\/a>\n\t\t\t\t\t\t\t\t<\/div>\n\t\t\t\t<\/div>\n\t\t<div class=\"elementor-element elementor-element-11958a4 e-con-full e-flex e-con e-child\" data-id=\"11958a4\" data-element_type=\"container\" data-e-type=\"container\">\n\t\t\t\t<div class=\"elementor-element elementor-element-5200601 elementor-widget-tablet__width-inherit elementor-widget__width-inherit elementor-widget elementor-widget-heading\" data-id=\"5200601\" data-element_type=\"widget\" data-e-type=\"widget\" data-widget_type=\"heading.default\">\n\t\t\t\t\t<h2 class=\"elementor-heading-title elementor-size-default\">Versorgungsunternehmen                               <\/h2>\t\t\t\t<\/div>\n\t\t\t\t<div class=\"elementor-element elementor-element-874207c elementor-widget__width-initial elementor-widget-tablet__width-inherit elementor-widget elementor-widget-text-editor\" data-id=\"874207c\" data-element_type=\"widget\" data-e-type=\"widget\" data-widget_type=\"text-editor.default\">\n\t\t\t\t\t\t\t\t\t<p>Unser Social Playbook ist Ihr Leitfaden f\u00fcr eine herausragende Social-Strategie. Wir helfen Ihnen, die Stimme, den Zweck und die Botschaften Ihrer Marke zu definieren, eine gezielte Kanalstrategie zu entwickeln und Inhalte zu erstellen, die ankommen. Mit klaren sozialen Richtlinien stellen wir sicher, dass Ihre Marke auf allen Plattformen sinnvoll und konsistent kommuniziert.<\/p>\t\t\t\t\t\t\t\t<\/div>\n\t\t\t\t<div class=\"elementor-element elementor-element-34f4c2e elementor-align-justify elementor-tablet-align-left elementor-widget__width-initial elementor-mobile-align-justify elementor-widget elementor-widget-button\" data-id=\"34f4c2e\" data-element_type=\"widget\" data-e-type=\"widget\" data-widget_type=\"button.default\">\n\t\t\t\t\t\t\t\t\t\t<a class=\"elementor-button elementor-button-link elementor-size-sm\" href=\"#\">\n\t\t\t\t\t\t<span class=\"elementor-button-content-wrapper\">\n\t\t\t\t\t\t\t\t\t<span class=\"elementor-button-text\">Siehe<\/span>\n\t\t\t\t\t<\/span>\n\t\t\t\t\t<\/a>\n\t\t\t\t\t\t\t\t<\/div>\n\t\t\t\t<\/div>\n\t\t<div class=\"elementor-element elementor-element-d4c3f6c e-con-full e-flex e-con e-child\" data-id=\"d4c3f6c\" data-element_type=\"container\" data-e-type=\"container\">\n\t\t\t\t<div class=\"elementor-element elementor-element-62e7a46 elementor-widget-tablet__width-inherit elementor-widget__width-inherit elementor-widget elementor-widget-heading\" data-id=\"62e7a46\" data-element_type=\"widget\" data-e-type=\"widget\" data-widget_type=\"heading.default\">\n\t\t\t\t\t<h2 class=\"elementor-heading-title elementor-size-default\">Gerichtliche Abgrenzung<\/h2>\t\t\t\t<\/div>\n\t\t\t\t<div class=\"elementor-element elementor-element-cf5dbc3 elementor-widget__width-initial elementor-widget-tablet__width-inherit elementor-widget elementor-widget-text-editor\" data-id=\"cf5dbc3\" data-element_type=\"widget\" data-e-type=\"widget\" data-widget_type=\"text-editor.default\">\n\t\t\t\t\t\t\t\t\t<p>Unser Social Playbook ist Ihr Leitfaden f\u00fcr eine herausragende Social-Strategie. Wir helfen Ihnen, die Stimme, den Zweck und die Botschaften Ihrer Marke zu definieren, eine gezielte Kanalstrategie zu entwickeln und Inhalte zu erstellen, die ankommen. Mit klaren sozialen Richtlinien stellen wir sicher, dass Ihre Marke auf allen Plattformen sinnvoll und konsistent kommuniziert.<\/p>\t\t\t\t\t\t\t\t<\/div>\n\t\t\t\t<div class=\"elementor-element elementor-element-b181c20 elementor-align-justify elementor-tablet-align-left elementor-widget__width-initial elementor-mobile-align-justify elementor-widget elementor-widget-button\" data-id=\"b181c20\" data-element_type=\"widget\" data-e-type=\"widget\" data-widget_type=\"button.default\">\n\t\t\t\t\t\t\t\t\t\t<a class=\"elementor-button elementor-button-link elementor-size-sm\" href=\"#\">\n\t\t\t\t\t\t<span class=\"elementor-button-content-wrapper\">\n\t\t\t\t\t\t\t\t\t<span class=\"elementor-button-text\">Siehe<\/span>\n\t\t\t\t\t<\/span>\n\t\t\t\t\t<\/a>\n\t\t\t\t\t\t\t\t<\/div>\n\t\t\t\t<\/div>\n\t\t\t\t<\/div>\n\t\t\t\t\t<\/div>\n\t\t\t\t<\/div>\n\t\t<div class=\"elementor-element elementor-element-9ed3e06 e-flex e-con-boxed e-con e-parent\" data-id=\"9ed3e06\" data-element_type=\"container\" data-e-type=\"container\" data-settings=\"{&quot;background_background&quot;:&quot;classic&quot;}\">\n\t\t\t\t\t<div class=\"e-con-inner\">\n\t\t\t\t<div class=\"elementor-element elementor-element-ad9c26a elementor-widget__width-initial elementor-widget elementor-widget-image\" data-id=\"ad9c26a\" data-element_type=\"widget\" data-e-type=\"widget\" data-widget_type=\"image.default\">\n\t\t\t\t\t\t\t\t\t\t\t\t\t\t\t<img decoding=\"async\" width=\"626\" height=\"801\" src=\"https:\/\/costaluzestates.com\/wp-content\/uploads\/2025\/04\/img-trasparencia2.webp\" class=\"attachment-full size-full wp-image-252\" alt=\"Suche nach Immobilien\" srcset=\"https:\/\/costaluzestates.com\/wp-content\/uploads\/2025\/04\/img-trasparencia2.webp 626w, https:\/\/costaluzestates.com\/wp-content\/uploads\/2025\/04\/img-trasparencia2-234x300.webp 234w\" sizes=\"(max-width: 626px) 100vw, 626px\" \/>\t\t\t\t\t\t\t\t\t\t\t\t\t\t\t<\/div>\n\t\t<div class=\"elementor-element elementor-element-ef11fbb e-con-full e-flex e-con e-child\" data-id=\"ef11fbb\" data-element_type=\"container\" data-e-type=\"container\">\n\t\t\t\t<div class=\"elementor-element elementor-element-085f929 elementor-widget__width-initial elementor-widget elementor-widget-heading\" data-id=\"085f929\" data-element_type=\"widget\" data-e-type=\"widget\" data-widget_type=\"heading.default\">\n\t\t\t\t\t<h2 class=\"elementor-heading-title elementor-size-default\">Kontakt\nich<\/h2>\t\t\t\t<\/div>\n\t\t\t\t<div class=\"elementor-element elementor-element-892e80d elementor-widget__width-inherit elementor-widget elementor-widget-text-editor\" data-id=\"892e80d\" data-element_type=\"widget\" data-e-type=\"widget\" data-widget_type=\"text-editor.default\">\n\t\t\t\t\t\t\t\t\t<p>Ich bin auf die Prozessf\u00fchrung und -vertretung spezialisiert und sorge daf\u00fcr, dass Ihr Fall effizient vor Gericht verhandelt wird. Ich k\u00fcmmere mich um die Einreichung von Schrifts\u00e4tzen, Zustellungen und Verwaltungsverfahren und garantiere eine z\u00fcgige und effiziente Kommunikation mit den Gerichten. Vertrauen Sie auf meine Erfahrung f\u00fcr eine reibungslose Prozessf\u00fchrung.<\/p>\t\t\t\t\t\t\t\t<\/div>\n\t\t\t\t<div class=\"elementor-element elementor-element-9e87ed2 elementor-align-justify elementor-tablet-align-justify elementor-widget__width-initial elementor-widget elementor-widget-button\" data-id=\"9e87ed2\" data-element_type=\"widget\" data-e-type=\"widget\" data-widget_type=\"button.default\">\n\t\t\t\t\t\t\t\t\t\t<a class=\"elementor-button elementor-button-link elementor-size-sm\" href=\"https:\/\/costaluzestates.com\/de\/contacto-inmobiliaria\/\" target=\"_blank\">\n\t\t\t\t\t\t<span class=\"elementor-button-content-wrapper\">\n\t\t\t\t\t\t\t\t\t<span class=\"elementor-button-text\">Kontakt<\/span>\n\t\t\t\t\t<\/span>\n\t\t\t\t\t<\/a>\n\t\t\t\t\t\t\t\t<\/div>\n\t\t\t\t<\/div>\n\t\t\t\t\t<\/div>\n\t\t\t\t<\/div>\n\t\t\t\t<\/div>","protected":false},"excerpt":{"rendered":"<p>Herramientas Mi compromiso es brindarte un servicio eficiente y accesible. Ver m\u00e1s Herramientas Our social playbook is your guide to a standout social strategy. We help you define your brand&#8217;s voice, purpose, and messaging, craft a targeted channel strategy, and develop content that resonates. With clear social guidelines, we ensure your brand connects meaningfully and [&hellip;]<\/p>\n","protected":false},"author":2,"featured_media":0,"parent":0,"menu_order":0,"comment_status":"closed","ping_status":"closed","template":"","meta":{"footnotes":""},"class_list":["post-38","page","type-page","status-publish","hentry"],"yoast_head":"<!-- This site is optimized with the Yoast SEO plugin v27.4 - https:\/\/yoast.com\/product\/yoast-seo-wordpress\/ -->\n<title>Trasparencia | Costaluz<\/title>\n<meta name=\"robots\" content=\"index, follow, max-snippet:-1, max-image-preview:large, max-video-preview:-1\" \/>\n<link rel=\"canonical\" href=\"https:\/\/costaluzestates.com\/de\/transparenz\/\" \/>\n<meta property=\"og:locale\" content=\"de_DE\" \/>\n<meta property=\"og:type\" content=\"article\" \/>\n<meta property=\"og:title\" content=\"Trasparencia | Costaluz\" \/>\n<meta property=\"og:description\" content=\"Herramientas Mi compromiso es brindarte un servicio eficiente y accesible. Ver m\u00e1s Herramientas Our social playbook is your guide to a standout social strategy. We help you define your brand&#8217;s voice, purpose, and messaging, craft a targeted channel strategy, and develop content that resonates. With clear social guidelines, we ensure your brand connects meaningfully and [&hellip;]\" \/>\n<meta property=\"og:url\" content=\"https:\/\/costaluzestates.com\/de\/transparenz\/\" \/>\n<meta property=\"og:site_name\" content=\"Costaluz\" \/>\n<meta property=\"article:publisher\" content=\"https:\/\/www.facebook.com\/people\/Costaluz-Estates\/61561139300552\/\" \/>\n<meta property=\"article:modified_time\" content=\"2026-04-09T11:54:21+00:00\" \/>\n<meta property=\"og:image\" content=\"https:\/\/costaluzestates.com\/wp-content\/uploads\/2025\/04\/img-trasparencia1.webp\" \/>\n\t<meta property=\"og:image:width\" content=\"650\" \/>\n\t<meta property=\"og:image:height\" content=\"639\" \/>\n\t<meta property=\"og:image:type\" content=\"image\/webp\" \/>\n<meta name=\"twitter:card\" content=\"summary_large_image\" \/>\n<meta name=\"twitter:label1\" content=\"Gesch\u00e4tzte Lesezeit\" \/>\n\t<meta name=\"twitter:data1\" content=\"1\u00a0Minute\" \/>\n<script type=\"application\/ld+json\" class=\"yoast-schema-graph\">{\"@context\":\"https:\\\/\\\/schema.org\",\"@graph\":[{\"@type\":\"WebPage\",\"@id\":\"https:\\\/\\\/costaluzestates.com\\\/trasparencia\\\/\",\"url\":\"https:\\\/\\\/costaluzestates.com\\\/trasparencia\\\/\",\"name\":\"Trasparencia | Costaluz\",\"isPartOf\":{\"@id\":\"https:\\\/\\\/costaluzestates.com\\\/#website\"},\"primaryImageOfPage\":{\"@id\":\"https:\\\/\\\/costaluzestates.com\\\/trasparencia\\\/#primaryimage\"},\"image\":{\"@id\":\"https:\\\/\\\/costaluzestates.com\\\/trasparencia\\\/#primaryimage\"},\"thumbnailUrl\":\"https:\\\/\\\/costaluzestates.com\\\/wp-content\\\/uploads\\\/2025\\\/04\\\/img-trasparencia1.webp\",\"datePublished\":\"2025-04-10T08:42:37+00:00\",\"dateModified\":\"2026-04-09T11:54:21+00:00\",\"breadcrumb\":{\"@id\":\"https:\\\/\\\/costaluzestates.com\\\/trasparencia\\\/#breadcrumb\"},\"inLanguage\":\"de\",\"potentialAction\":[{\"@type\":\"ReadAction\",\"target\":[\"https:\\\/\\\/costaluzestates.com\\\/trasparencia\\\/\"]}]},{\"@type\":\"ImageObject\",\"inLanguage\":\"de\",\"@id\":\"https:\\\/\\\/costaluzestates.com\\\/trasparencia\\\/#primaryimage\",\"url\":\"https:\\\/\\\/costaluzestates.com\\\/wp-content\\\/uploads\\\/2025\\\/04\\\/img-trasparencia1.webp\",\"contentUrl\":\"https:\\\/\\\/costaluzestates.com\\\/wp-content\\\/uploads\\\/2025\\\/04\\\/img-trasparencia1.webp\"},{\"@type\":\"BreadcrumbList\",\"@id\":\"https:\\\/\\\/costaluzestates.com\\\/trasparencia\\\/#breadcrumb\",\"itemListElement\":[{\"@type\":\"ListItem\",\"position\":1,\"name\":\"Portada\",\"item\":\"https:\\\/\\\/costaluzestates.com\\\/\"},{\"@type\":\"ListItem\",\"position\":2,\"name\":\"Trasparencia\"}]},{\"@type\":\"WebSite\",\"@id\":\"https:\\\/\\\/costaluzestates.com\\\/#website\",\"url\":\"https:\\\/\\\/costaluzestates.com\\\/\",\"name\":\"Costaluz Estates\",\"description\":\"Especialistas en propiedades exclusivas en la Costa de la Luz. Encuentra tu hogar ideal en C\u00e1diz con asesoramiento personalizado y profesional.\",\"publisher\":{\"@id\":\"https:\\\/\\\/costaluzestates.com\\\/#organization\"},\"alternateName\":\"Costaluz Estates Inmobiliaria\",\"potentialAction\":[{\"@type\":\"SearchAction\",\"target\":{\"@type\":\"EntryPoint\",\"urlTemplate\":\"https:\\\/\\\/costaluzestates.com\\\/?s={search_term_string}\"},\"query-input\":{\"@type\":\"PropertyValueSpecification\",\"valueRequired\":true,\"valueName\":\"search_term_string\"}}],\"inLanguage\":\"de\"},{\"@type\":\"Organization\",\"@id\":\"https:\\\/\\\/costaluzestates.com\\\/#organization\",\"name\":\"Costaluz Estates\",\"alternateName\":\"Costaluz Estates Inmobiliaria\",\"url\":\"https:\\\/\\\/costaluzestates.com\\\/\",\"logo\":{\"@type\":\"ImageObject\",\"inLanguage\":\"de\",\"@id\":\"https:\\\/\\\/costaluzestates.com\\\/#\\\/schema\\\/logo\\\/image\\\/\",\"url\":\"https:\\\/\\\/costaluzestates.com\\\/wp-content\\\/uploads\\\/2025\\\/04\\\/cropped-favicon-costaluz.webp\",\"contentUrl\":\"https:\\\/\\\/costaluzestates.com\\\/wp-content\\\/uploads\\\/2025\\\/04\\\/cropped-favicon-costaluz.webp\",\"width\":512,\"height\":512,\"caption\":\"Costaluz Estates\"},\"image\":{\"@id\":\"https:\\\/\\\/costaluzestates.com\\\/#\\\/schema\\\/logo\\\/image\\\/\"},\"sameAs\":[\"https:\\\/\\\/www.facebook.com\\\/people\\\/Costaluz-Estates\\\/61561139300552\\\/\",\"https:\\\/\\\/www.instagram.com\\\/costaluzestates.inmobiliaria\\\/\"]}]}<\/script>\n<!-- \/ Yoast SEO plugin. -->","yoast_head_json":{"title":"Transparenz | Costaluz","robots":{"index":"index","follow":"follow","max-snippet":"max-snippet:-1","max-image-preview":"max-image-preview:large","max-video-preview":"max-video-preview:-1"},"canonical":"https:\/\/costaluzestates.com\/de\/transparenz\/","og_locale":"de_DE","og_type":"article","og_title":"Trasparencia | Costaluz","og_description":"Herramientas Mi compromiso es brindarte un servicio eficiente y accesible. Ver m\u00e1s Herramientas Our social playbook is your guide to a standout social strategy. We help you define your brand&#8217;s voice, purpose, and messaging, craft a targeted channel strategy, and develop content that resonates. With clear social guidelines, we ensure your brand connects meaningfully and [&hellip;]","og_url":"https:\/\/costaluzestates.com\/de\/transparenz\/","og_site_name":"Costaluz","article_publisher":"https:\/\/www.facebook.com\/people\/Costaluz-Estates\/61561139300552\/","article_modified_time":"2026-04-09T11:54:21+00:00","og_image":[{"width":650,"height":639,"url":"https:\/\/costaluzestates.com\/wp-content\/uploads\/2025\/04\/img-trasparencia1.webp","type":"image\/webp"}],"twitter_card":"summary_large_image","twitter_misc":{"Gesch\u00e4tzte Lesezeit":"1\u00a0Minute"},"schema":{"@context":"https:\/\/schema.org","@graph":[{"@type":"WebPage","@id":"https:\/\/costaluzestates.com\/trasparencia\/","url":"https:\/\/costaluzestates.com\/trasparencia\/","name":"Transparenz | Costaluz","isPartOf":{"@id":"https:\/\/costaluzestates.com\/#website"},"primaryImageOfPage":{"@id":"https:\/\/costaluzestates.com\/trasparencia\/#primaryimage"},"image":{"@id":"https:\/\/costaluzestates.com\/trasparencia\/#primaryimage"},"thumbnailUrl":"https:\/\/costaluzestates.com\/wp-content\/uploads\/2025\/04\/img-trasparencia1.webp","datePublished":"2025-04-10T08:42:37+00:00","dateModified":"2026-04-09T11:54:21+00:00","breadcrumb":{"@id":"https:\/\/costaluzestates.com\/trasparencia\/#breadcrumb"},"inLanguage":"de","potentialAction":[{"@type":"ReadAction","target":["https:\/\/costaluzestates.com\/trasparencia\/"]}]},{"@type":"ImageObject","inLanguage":"de","@id":"https:\/\/costaluzestates.com\/trasparencia\/#primaryimage","url":"https:\/\/costaluzestates.com\/wp-content\/uploads\/2025\/04\/img-trasparencia1.webp","contentUrl":"https:\/\/costaluzestates.com\/wp-content\/uploads\/2025\/04\/img-trasparencia1.webp"},{"@type":"BreadcrumbList","@id":"https:\/\/costaluzestates.com\/trasparencia\/#breadcrumb","itemListElement":[{"@type":"ListItem","position":1,"name":"Portada","item":"https:\/\/costaluzestates.com\/"},{"@type":"ListItem","position":2,"name":"Trasparencia"}]},{"@type":"WebSite","@id":"https:\/\/costaluzestates.com\/#website","url":"https:\/\/costaluzestates.com\/","name":"Costaluz-Siedlungen","description":"Wir sind Spezialisten f\u00fcr exklusive Immobilien an der Costa de la Luz. Finden Sie Ihr ideales Zuhause in C\u00e1diz mit individueller und professioneller Beratung.","publisher":{"@id":"https:\/\/costaluzestates.com\/#organization"},"alternateName":"Costaluz Estates Inmobiliaria","potentialAction":[{"@type":"SearchAction","target":{"@type":"EntryPoint","urlTemplate":"https:\/\/costaluzestates.com\/?s={search_term_string}"},"query-input":{"@type":"PropertyValueSpecification","valueRequired":true,"valueName":"search_term_string"}}],"inLanguage":"de"},{"@type":"Organization","@id":"https:\/\/costaluzestates.com\/#organization","name":"Costaluz-Siedlungen","alternateName":"Costaluz Estates Inmobiliaria","url":"https:\/\/costaluzestates.com\/","logo":{"@type":"ImageObject","inLanguage":"de","@id":"https:\/\/costaluzestates.com\/#\/schema\/logo\/image\/","url":"https:\/\/costaluzestates.com\/wp-content\/uploads\/2025\/04\/cropped-favicon-costaluz.webp","contentUrl":"https:\/\/costaluzestates.com\/wp-content\/uploads\/2025\/04\/cropped-favicon-costaluz.webp","width":512,"height":512,"caption":"Costaluz Estates"},"image":{"@id":"https:\/\/costaluzestates.com\/#\/schema\/logo\/image\/"},"sameAs":["https:\/\/www.facebook.com\/people\/Costaluz-Estates\/61561139300552\/","https:\/\/www.instagram.com\/costaluzestates.inmobiliaria\/"]}]}},"_links":{"self":[{"href":"https:\/\/costaluzestates.com\/de\/wp-json\/wp\/v2\/pages\/38","targetHints":{"allow":["GET"]}}],"collection":[{"href":"https:\/\/costaluzestates.com\/de\/wp-json\/wp\/v2\/pages"}],"about":[{"href":"https:\/\/costaluzestates.com\/de\/wp-json\/wp\/v2\/types\/page"}],"author":[{"embeddable":true,"href":"https:\/\/costaluzestates.com\/de\/wp-json\/wp\/v2\/users\/2"}],"replies":[{"embeddable":true,"href":"https:\/\/costaluzestates.com\/de\/wp-json\/wp\/v2\/comments?post=38"}],"version-history":[{"count":4,"href":"https:\/\/costaluzestates.com\/de\/wp-json\/wp\/v2\/pages\/38\/revisions"}],"predecessor-version":[{"id":1492,"href":"https:\/\/costaluzestates.com\/de\/wp-json\/wp\/v2\/pages\/38\/revisions\/1492"}],"wp:attachment":[{"href":"https:\/\/costaluzestates.com\/de\/wp-json\/wp\/v2\/media?parent=38"}],"curies":[{"name":"wp","href":"https:\/\/api.w.org\/{rel}","templated":true}]}}