{"id":47,"date":"2025-04-10T10:43:33","date_gmt":"2025-04-10T08:43:33","guid":{"rendered":"https:\/\/costaluzestates.com\/?page_id=47"},"modified":"2026-05-08T10:39:19","modified_gmt":"2026-05-08T08:39:19","slug":"cookie-richtlinie","status":"publish","type":"page","link":"https:\/\/costaluzestates.com\/de\/politica-cookies\/","title":{"rendered":"Cookies-Politik"},"content":{"rendered":"<div data-elementor-type=\"wp-page\" data-elementor-id=\"47\" class=\"elementor elementor-47\" data-elementor-post-type=\"page\">\n\t\t\t\t<div class=\"elementor-element elementor-element-dfa5ada e-flex e-con-boxed e-con e-parent\" data-id=\"dfa5ada\" data-element_type=\"container\" data-e-type=\"container\">\n\t\t\t\t\t<div class=\"e-con-inner\">\n\t\t\t\t<div class=\"elementor-element elementor-element-642f359 elementor-widget elementor-widget-heading\" data-id=\"642f359\" data-element_type=\"widget\" data-e-type=\"widget\" data-widget_type=\"heading.default\">\n\t\t\t\t\t<h2 class=\"elementor-heading-title elementor-size-default\">Cookie-Richtlinie<\/h2>\t\t\t\t<\/div>\n\t\t\t\t<div class=\"elementor-element elementor-element-8ba364f elementor-widget elementor-widget-text-editor\" data-id=\"8ba364f\" data-element_type=\"widget\" data-e-type=\"widget\" data-widget_type=\"text-editor.default\">\n\t\t\t\t\t\t\t\t\t<p>1. Definition und Funktionen von Cookies.<\/p>\t\t\t\t\t\t\t\t<\/div>\n\t\t\t\t<div class=\"elementor-element elementor-element-0f241a2 elementor-widget elementor-widget-text-editor\" data-id=\"0f241a2\" data-element_type=\"widget\" data-e-type=\"widget\" data-widget_type=\"text-editor.default\">\n\t\t\t\t\t\t\t\t\t<p>Ein Cookie ist eine Datei, die auf dem Computer des Benutzers heruntergeladen wird, wenn dieser auf bestimmte Websites zugreift. Cookies erm\u00f6glichen es der Website unter anderem, Informationen \u00fcber die Surfgewohnheiten des Benutzers oder seines Computers zu speichern und abzurufen, und je nach den enthaltenen Informationen und der Art und Weise, wie der Computer verwendet wird, k\u00f6nnen sie zur Erkennung des Benutzers verwendet werden.<\/p>\t\t\t\t\t\t\t\t<\/div>\n\t\t\t\t<div class=\"elementor-element elementor-element-9cd4023 elementor-widget elementor-widget-text-editor\" data-id=\"9cd4023\" data-element_type=\"widget\" data-e-type=\"widget\" data-widget_type=\"text-editor.default\">\n\t\t\t\t\t\t\t\t\t<p>2. Arten von Cookies, die diese Website verwenden kann.<\/p>\t\t\t\t\t\t\t\t<\/div>\n\t\t\t\t<div class=\"elementor-element elementor-element-6f53c3f elementor-widget elementor-widget-text-editor\" data-id=\"6f53c3f\" data-element_type=\"widget\" data-e-type=\"widget\" data-widget_type=\"text-editor.default\">\n\t\t\t\t\t\t\t\t\t<p>\u2022 Eigene Cookies: Das sind solche, die vom Rechner oder der Dom\u00e4ne des Inhabers an das Endger\u00e4t des Nutzers gesendet werden und von der der vom Nutzer angeforderte Dienst erbracht wird.<\/p><p>\u2022 Funktionale Cookies: Das sind diejenigen, die f\u00fcr das korrekte Funktionieren der Website notwendig sind.<\/p><p>\u2022 Cookies von Drittanbietern: Das sind solche, die vom Terminalger\u00e4t des Nutzers von einem Computer oder einer Dom\u00e4ne gesendet werden, die nicht vom Inhaber verwaltet wird, sondern von einer anderen Entit\u00e4t, die die \u00fcber die Cookies erhaltenen Daten verarbeitet.<\/p><p>Analyse-Cookies: Dies sind solche, die von dem Inhaber oder Dritten verarbeitet werden und es erm\u00f6glichen, die Anzahl der Nutzer zu quantifizieren und somit die statistische Messung und Analyse der Nutzung des angebotenen Dienstes durch die Nutzer durchzuf\u00fchren. Zu diesem Zweck wird deren Navigation analysiert, um das Angebot an angebotenen Produkten oder Dienstleistungen zu verbessern.<\/p>\t\t\t\t\t\t\t\t<\/div>\n\t\t\t\t<div class=\"elementor-element elementor-element-b515a88 elementor-widget elementor-widget-text-editor\" data-id=\"b515a88\" data-element_type=\"widget\" data-e-type=\"widget\" data-widget_type=\"text-editor.default\">\n\t\t\t\t\t\t\t\t\t<p>3. Widerruf und L\u00f6schung von Cookies.<\/p>\t\t\t\t\t\t\t\t<\/div>\n\t\t\t\t<div class=\"elementor-element elementor-element-7aff2f4 elementor-widget elementor-widget-text-editor\" data-id=\"7aff2f4\" data-element_type=\"widget\" data-e-type=\"widget\" data-widget_type=\"text-editor.default\">\n\t\t\t\t\t\t\t\t\t<p>Der Nutzer kann jederzeit die Verwendung von Cookies \u00fcber das Einwilligungsmanagement-Tool f\u00fcr die Verarbeitung von Cookies, das in jeder App verf\u00fcgbar ist, ausw\u00e4hlen, ablehnen oder konfigurieren.<\/p><p>Der Benutzer kann die auf dem Computer installierten Cookies auch zulassen, blockieren oder l\u00f6schen, indem er die Einstellungen des installierten Browsers konfiguriert. Wenn die Installation von Cookies in seinem Browser nicht zugelassen wird, kann er m\u00f6glicherweise nicht auf bestimmte Bereiche der Website zugreifen. Informationen zur Konfiguration von Cookies je nach verwendetem Browser finden Sie unter folgenden Links (Links g\u00fcltig zum Zeitpunkt der Erstellung dieses Textes).<\/p><p>F\u00fcr weitere Informationen, wie Sie die Verwendung von Cookies in Chrome blockieren k\u00f6nnen<\/p><p>http:\/\/support.google.com\/chrome\/bin\/answer.py?hl=es&amp;answer=95647<br \/>F\u00fcr weitere Informationen \u00fcber die Sperrung der Verwendung von Cookies in Firefox<\/p><p>http:\/\/support.mozilla.org\/es\/kb\/habilitar-y-deshabilitar-cookies-que-los-sitios-we<br \/>F\u00fcr weitere Informationen, wie Sie die Verwendung von Cookies im Edge-Browser blockieren k\u00f6nnen<\/p><p>https:\/\/support.microsoft.com\/es-es\/windows\/administrar-cookies-en-microsoft-edge-ver-permitir-bloquear-eliminar-y-usar-168dab11-0753-043d-7c16-ede5947fc64d<\/p><p>F\u00fcr weitere Informationen \u00fcber die Sperrung der Verwendung von Cookies in Safari<\/p><p>http:\/\/support.apple.com\/kb\/ph5042<\/p><p>Der Inhaber ist nicht verantwortlich f\u00fcr den Inhalt und die Richtigkeit der Datenschutzrichtlinien von Dritten, die in den Links dieser Rechtsbelehrung enthalten sind.<\/p>\t\t\t\t\t\t\t\t<\/div>\n\t\t\t\t<div class=\"elementor-element elementor-element-3fabe7d elementor-widget elementor-widget-text-editor\" data-id=\"3fabe7d\" data-element_type=\"widget\" data-e-type=\"widget\" data-widget_type=\"text-editor.default\">\n\t\t\t\t\t\t\t\t\t<p>4. Drittanbieter von Dienstleistungen.<\/p>\t\t\t\t\t\t\t\t<\/div>\n\t\t\t\t<div class=\"elementor-element elementor-element-7943392 elementor-widget elementor-widget-text-editor\" data-id=\"7943392\" data-element_type=\"widget\" data-e-type=\"widget\" data-widget_type=\"text-editor.default\">\n\t\t\t\t\t\t\t\t\t<p>Konkret sind die Dritten, mit denen Dienstleistungen erbracht wurden, f\u00fcr deren Nutzung von Cookies erforderlich ist:<\/p><table width=\"711\" cellspacing=\"0\" cellpadding=\"7\"><tbody><tr valign=\"top\"><td bgcolor=\"#c0c0c0\" width=\"105\"><p class=\"western\" lang=\"es-ES-u-co-trad\"><span style=\"font-family: Arial, sans-serif;\"><span style=\"font-size: xx-small;\"><b>Anbieter<\/b><\/span><\/span><\/p><\/td><td bgcolor=\"#c0c0c0\" width=\"137\"><p class=\"western\" lang=\"es-ES-u-co-trad\"><span style=\"font-family: Arial, sans-serif;\"><span style=\"font-size: xx-small;\"><b>Zweck der Kochdatei<\/b><\/span><\/span><\/p><\/td><td bgcolor=\"#c0c0c0\" width=\"251\"><p class=\"western\" lang=\"es-ES-u-co-trad\"><span style=\"font-family: Arial, sans-serif;\"><span style=\"font-size: xx-small;\"><b>Beschreibung des Zwecks des Cookies<\/b><\/span><\/span><\/p><\/td><td bgcolor=\"#c0c0c0\" width=\"161\"><p class=\"western\" lang=\"es-ES-u-co-trad\"><span style=\"font-family: Arial, sans-serif;\"><span style=\"font-size: xx-small;\"><b>Aufbewahrungsfrist<\/b><\/span><\/span><\/p><\/td><\/tr><tr valign=\"top\"><td width=\"105\">\u00a0<\/td><td width=\"137\">\u00a0<\/td><td width=\"251\">\u00a0<\/td><td width=\"161\">\u00a0<\/td><\/tr><tr valign=\"top\"><td width=\"105\">\u00a0<\/td><td width=\"137\">\u00a0<\/td><td width=\"251\">\u00a0<\/td><td width=\"161\">\u00a0<\/td><\/tr><tr valign=\"top\"><td width=\"105\">\u00a0<\/td><td width=\"137\">\u00a0<\/td><td width=\"251\">\u00a0<\/td><td width=\"161\">\u00a0<\/td><\/tr><tr valign=\"top\"><td width=\"105\">\u00a0<\/td><td width=\"137\">\u00a0<\/td><td width=\"251\">\u00a0<\/td><td width=\"161\">\u00a0<\/td><\/tr><tr valign=\"top\"><td width=\"105\">\u00a0<\/td><td width=\"137\">\u00a0<\/td><td width=\"251\">\u00a0<\/td><td width=\"161\">\u00a0<\/td><\/tr><tr valign=\"top\"><td width=\"105\">\u00a0<\/td><td width=\"137\">\u00a0<\/td><td width=\"251\">\u00a0<\/td><td width=\"161\">\u00a0<\/td><\/tr><tr valign=\"top\"><td width=\"105\">\u00a0<\/td><td width=\"137\">\u00a0<\/td><td width=\"251\">\u00a0<\/td><td width=\"161\">\u00a0<\/td><\/tr><tr valign=\"top\"><td width=\"105\">\u00a0<\/td><td width=\"137\">\u00a0<\/td><td width=\"251\">\u00a0<\/td><td width=\"161\">\u00a0<\/td><\/tr><tr valign=\"top\"><td width=\"105\">\u00a0<\/td><td width=\"137\">\u00a0<\/td><td width=\"251\">\u00a0<\/td><td width=\"161\">\u00a0<\/td><\/tr><tr valign=\"top\"><td width=\"105\">\u00a0<\/td><td width=\"137\">\u00a0<\/td><td width=\"251\">\u00a0<\/td><td width=\"161\">\u00a0<\/td><\/tr><tr valign=\"top\"><td width=\"105\">\u00a0<\/td><td width=\"137\">\u00a0<\/td><td width=\"251\">\u00a0<\/td><td width=\"161\">\u00a0<\/td><\/tr><tr valign=\"top\"><td width=\"105\">\u00a0<\/td><td width=\"137\">\u00a0<\/td><td width=\"251\">\u00a0<\/td><td width=\"161\">\u00a0<\/td><\/tr><tr valign=\"top\"><td width=\"105\">\u00a0<\/td><td width=\"137\">\u00a0<\/td><td width=\"251\">\u00a0<\/td><td width=\"161\">\u00a0<\/td><\/tr><tr valign=\"top\"><td width=\"105\">\u00a0<\/td><td width=\"137\">\u00a0<\/td><td width=\"251\">\u00a0<\/td><td width=\"161\">\u00a0<\/td><\/tr><tr valign=\"top\"><td width=\"105\">\u00a0<\/td><td width=\"137\">\u00a0<\/td><td width=\"251\">\u00a0<\/td><td width=\"161\">\u00a0<\/td><\/tr><tr valign=\"top\"><td width=\"105\">\u00a0<\/td><td width=\"137\">\u00a0<\/td><td width=\"251\">\u00a0<\/td><td width=\"161\">\u00a0<\/td><\/tr><tr valign=\"top\"><td width=\"105\">\u00a0<\/td><td width=\"137\">\u00a0<\/td><td width=\"251\">\u00a0<\/td><td width=\"161\">\u00a0<\/td><\/tr><tr valign=\"top\"><td width=\"105\">\u00a0<\/td><td width=\"137\">\u00a0<\/td><td width=\"251\">\u00a0<\/td><td width=\"161\">\u00a0<\/td><\/tr><tr valign=\"top\"><td width=\"105\">\u00a0<\/td><td width=\"137\">\u00a0<\/td><td width=\"251\">\u00a0<\/td><td width=\"161\">\u00a0<\/td><\/tr><tr valign=\"top\"><td width=\"105\">\u00a0<\/td><td width=\"137\">\u00a0<\/td><td width=\"251\">\u00a0<\/td><td width=\"161\">\u00a0<\/td><\/tr><tr valign=\"top\"><td width=\"105\">\u00a0<\/td><td width=\"137\">\u00a0<\/td><td width=\"251\">\u00a0<\/td><td width=\"161\">\u00a0<\/td><\/tr><tr valign=\"top\"><td width=\"105\">\u00a0<\/td><td width=\"137\">\u00a0<\/td><td width=\"251\">\u00a0<\/td><td width=\"161\">\u00a0<\/td><\/tr><tr valign=\"top\"><td width=\"105\"><p class=\"western\"><a name=\"_Hlk514194898\"><\/a> <\/p><\/td><td width=\"137\">\u00a0<\/td><td width=\"251\">\u00a0<\/td><td width=\"161\">\u00a0<\/td><\/tr><tr valign=\"top\"><td width=\"105\">\u00a0<\/td><td width=\"137\">\u00a0<\/td><td width=\"251\">\u00a0<\/td><td width=\"161\">\u00a0<\/td><\/tr><tr valign=\"top\"><td width=\"105\">\u00a0<\/td><td width=\"137\">\u00a0<\/td><td width=\"251\">\u00a0<\/td><td width=\"161\">\u00a0<\/td><\/tr><\/tbody><\/table><p>Der Inhaber lehnt jede Verantwortung f\u00fcr den Inhalt und die Richtigkeit der Informationen und Datenschutzrichtlinien bez\u00fcglich Cookies von Drittanbietern ab.<\/p><p>F\u00fcr weitere Informationen zur Nutzung von Cookies auf dieser Website kann der Nutzer diese \u00fcber das Kontaktformular anfordern oder per E-Mail an info@templecambria.com.<\/p><p>Diese Richtlinie wurde am 6. Mai 2026 ge\u00e4ndert.<\/p>\t\t\t\t\t\t\t\t<\/div>\n\t\t\t\t<div class=\"elementor-element elementor-element-5790297 elementor-widget elementor-widget-text-editor\" data-id=\"5790297\" data-element_type=\"widget\" data-e-type=\"widget\" data-widget_type=\"text-editor.default\">\n\t\t\t\t\t\t\t\t\t<p>5. Web-Analyse \u2013 Google Analytics<\/p>\t\t\t\t\t\t\t\t<\/div>\n\t\t\t\t<div class=\"elementor-element elementor-element-1084f44 elementor-widget elementor-widget-text-editor\" data-id=\"1084f44\" data-element_type=\"widget\" data-e-type=\"widget\" data-widget_type=\"text-editor.default\">\n\t\t\t\t\t\t\t\t\t<p>Diese Webseite kann Google Analytics verwenden, ein Webanalysetool von Google, Inc. mit Sitz in 1600 Amphitheatre Parkway, Mountain View (Kalifornien), CA 94043, Vereinigte Staaten (\u00abGoogle\u00bb). Dieses Tool erm\u00f6glicht es dem Inhaber zu wissen, wie stark die Nutzer mit der Webseite interagieren, mit der M\u00f6glichkeit, verschiedene Berichte einzusehen, die beschreiben, wie die Nutzer mit der Webseite interagieren, um diese zu verbessern. Google Analytics sammelt anonym Informationen, d. h. es berichtet \u00fcber Trends der Webseite, ohne die Nutzer zu identifizieren.<\/p><p>Google Analytics verwendet \u00abCookies\u00bb von Erstanbietern, bei denen es sich um Textdateien handelt, die auf dem Computer abgelegt werden, um die Interaktionen der Nutzer auf der Website zu verfolgen. Diese Cookies werden verwendet, um Informationen wie den Zeitpunkt des Besuchs, ob der Nutzer die Website bereits zuvor besucht hat und welche Website den Nutzer auf diese Website verwiesen hat, zu speichern. Browser teilen keine Cookies von Erstanbietern derselben Dom\u00e4ne.<\/p><p>Alle Ger\u00e4te und Ausr\u00fcstungen, die mit dem Internet verbunden sind, erhalten eine eindeutige Nummer, die als \u00abInternet Protocol Address\u00bb oder \u00abIP-Adresse\u00bb bezeichnet wird. Da diese Nummern normalerweise nach L\u00e4ndern zugewiesen werden, werden IP-Adressen oft verwendet, um das Land, den Bundesstaat und die Stadt zu identifizieren, von der aus das Ger\u00e4t mit dem Internet verbunden ist. Google Analytics erfasst die IP-Adresse der Nutzer, die die Website besuchen, damit der Eigent\u00fcmer wissen kann, von welchen Punkten der Erde die Website besucht wird. Diese Methode wird als \u00abIP-Geolokalisierung\u00bb bezeichnet. Google Analytics liefert keine Informationen \u00fcber die tats\u00e4chliche IP-Adresse.<\/p><p>Die Nutzungsbedingungen von Google Analytics verbieten die Erfassung oder Abfrage personenbezogener Daten, die eine Person identifizieren (wie z. B. Name, E-Mail-Adresse oder Rechnungsdaten sowie andere zugeh\u00f6rige Daten) mithilfe von Google Analytics oder die Verkn\u00fcpfung von personenbezogenen Daten mit Webanalyse-Daten.<\/p><p>Der Inhaber kann die Informationen, die Google verwenden kann, kontrollieren und entscheiden, ob Google diese Daten verwenden soll oder nicht, \u00fcber die Optionen zum Datenaustausch von Google Analytics. Die Daten dienen zur Verbesserung der Produkte und Dienstleistungen von Google.<\/p><p>Um den Nutzern mehr Optionen zu bieten, wie Google Analytics ihre Daten erfasst, wurde das Google Analytics Browser-Deaktivierungs-Add-on erstellt. Dieses Add-on weist den JavaScript-Code (ga.js) von Google Analytics an, keine Informationen \u00fcber den Besuch der Website an Google Analytics zu senden. Es verhindert jedoch nicht, dass Informationen an die Website selbst oder an andere Webanalyse-Dienste gesendet werden. Der Nutzer kann der Verarbeitung von Daten oder Informationen widersprechen, indem er die Verwendung von Cookies ablehnt, indem er die entsprechenden Einstellungen in seinem Browser ausw\u00e4hlt. Der Nutzer sollte sich jedoch bewusst sein, dass er in diesem Fall m\u00f6glicherweise nicht die volle Funktionalit\u00e4t dieser Website nutzen kann.<\/p><p>Bei Nutzung dieser Website stimmt der Nutzer der Verarbeitung seiner Informationen durch Google und den Inhaber in der und zu den oben genannten Zwecken zu. F\u00fcr weitere Informationen \u00fcber dieses Tool und die Datenschutzrichtlinie von Google wird den Nutzern empfohlen, den folgenden Link zu besuchen: http:\/\/www.google.es\/intl\/es\/policies\/<\/p>\t\t\t\t\t\t\t\t<\/div>\n\t\t\t\t\t<\/div>\n\t\t\t\t<\/div>\n\t\t\t\t<\/div>","protected":false},"excerpt":{"rendered":"<p>Pol\u00edtica de Cookies 1. Definici\u00f3n y funciones de las cookies. Una cookie es un fichero que se descarga en el equipo del Usuario al acceder a determinados sitios web. Las cookies permiten al sitio web, entre otras cosas, almacenar y recuperar informaci\u00f3n sobre los h\u00e1bitos de navegaci\u00f3n del Usuario o de su equipo y, dependiendo [&hellip;]<\/p>\n","protected":false},"author":2,"featured_media":0,"parent":0,"menu_order":0,"comment_status":"closed","ping_status":"closed","template":"","meta":{"footnotes":""},"class_list":["post-47","page","type-page","status-publish","hentry"],"yoast_head":"<!-- This site is optimized with the Yoast SEO plugin v27.6 - https:\/\/yoast.com\/product\/yoast-seo-wordpress\/ -->\n<title>Pol\u00edtica de cookies | Costaluz<\/title>\n<meta name=\"robots\" content=\"noindex, follow\" \/>\n<meta property=\"og:locale\" content=\"de_DE\" \/>\n<meta property=\"og:type\" content=\"article\" \/>\n<meta property=\"og:title\" content=\"Pol\u00edtica de cookies | Costaluz\" \/>\n<meta property=\"og:description\" content=\"Pol\u00edtica de Cookies 1. Definici\u00f3n y funciones de las cookies. Una cookie es un fichero que se descarga en el equipo del Usuario al acceder a determinados sitios web. Las cookies permiten al sitio web, entre otras cosas, almacenar y recuperar informaci\u00f3n sobre los h\u00e1bitos de navegaci\u00f3n del Usuario o de su equipo y, dependiendo [&hellip;]\" \/>\n<meta property=\"og:url\" content=\"https:\/\/costaluzestates.com\/de\/cookie-richtlinie\/\" \/>\n<meta property=\"og:site_name\" content=\"Costaluz\" \/>\n<meta property=\"article:publisher\" content=\"https:\/\/www.facebook.com\/people\/Costaluz-Estates\/61561139300552\/\" \/>\n<meta property=\"article:modified_time\" content=\"2026-05-08T08:39:19+00:00\" \/>\n<meta property=\"og:image\" content=\"https:\/\/costaluzestates.com\/wp-content\/uploads\/2025\/07\/costaluz-estates.webp\" \/>\n\t<meta property=\"og:image:width\" content=\"1662\" \/>\n\t<meta property=\"og:image:height\" content=\"1068\" \/>\n\t<meta property=\"og:image:type\" content=\"image\/webp\" \/>\n<meta name=\"twitter:card\" content=\"summary_large_image\" \/>\n<meta name=\"twitter:label1\" content=\"Gesch\u00e4tzte Lesezeit\" \/>\n\t<meta name=\"twitter:data1\" content=\"6\u00a0Minuten\" \/>\n<script type=\"application\/ld+json\" class=\"yoast-schema-graph\">{\"@context\":\"https:\\\/\\\/schema.org\",\"@graph\":[{\"@type\":\"WebPage\",\"@id\":\"https:\\\/\\\/costaluzestates.com\\\/politica-cookies\\\/\",\"url\":\"https:\\\/\\\/costaluzestates.com\\\/politica-cookies\\\/\",\"name\":\"Pol\u00edtica de cookies | Costaluz\",\"isPartOf\":{\"@id\":\"https:\\\/\\\/costaluzestates.com\\\/#website\"},\"datePublished\":\"2025-04-10T08:43:33+00:00\",\"dateModified\":\"2026-05-08T08:39:19+00:00\",\"breadcrumb\":{\"@id\":\"https:\\\/\\\/costaluzestates.com\\\/politica-cookies\\\/#breadcrumb\"},\"inLanguage\":\"de\",\"potentialAction\":[{\"@type\":\"ReadAction\",\"target\":[\"https:\\\/\\\/costaluzestates.com\\\/politica-cookies\\\/\"]}]},{\"@type\":\"BreadcrumbList\",\"@id\":\"https:\\\/\\\/costaluzestates.com\\\/politica-cookies\\\/#breadcrumb\",\"itemListElement\":[{\"@type\":\"ListItem\",\"position\":1,\"name\":\"Portada\",\"item\":\"https:\\\/\\\/costaluzestates.com\\\/\"},{\"@type\":\"ListItem\",\"position\":2,\"name\":\"Pol\u00edtica de cookies\"}]},{\"@type\":\"WebSite\",\"@id\":\"https:\\\/\\\/costaluzestates.com\\\/#website\",\"url\":\"https:\\\/\\\/costaluzestates.com\\\/\",\"name\":\"Costaluz Estates\",\"description\":\"Especialistas en propiedades exclusivas en la Costa de la Luz. Encuentra tu hogar ideal en C\u00e1diz con asesoramiento personalizado y profesional.\",\"publisher\":{\"@id\":\"https:\\\/\\\/costaluzestates.com\\\/#organization\"},\"alternateName\":\"Costaluz Estates Inmobiliaria\",\"potentialAction\":[{\"@type\":\"SearchAction\",\"target\":{\"@type\":\"EntryPoint\",\"urlTemplate\":\"https:\\\/\\\/costaluzestates.com\\\/?s={search_term_string}\"},\"query-input\":{\"@type\":\"PropertyValueSpecification\",\"valueRequired\":true,\"valueName\":\"search_term_string\"}}],\"inLanguage\":\"de\"},{\"@type\":\"Organization\",\"@id\":\"https:\\\/\\\/costaluzestates.com\\\/#organization\",\"name\":\"Costaluz Estates\",\"alternateName\":\"Costaluz Estates Inmobiliaria\",\"url\":\"https:\\\/\\\/costaluzestates.com\\\/\",\"logo\":{\"@type\":\"ImageObject\",\"inLanguage\":\"de\",\"@id\":\"https:\\\/\\\/costaluzestates.com\\\/#\\\/schema\\\/logo\\\/image\\\/\",\"url\":\"https:\\\/\\\/costaluzestates.com\\\/wp-content\\\/uploads\\\/2025\\\/04\\\/cropped-favicon-costaluz.webp\",\"contentUrl\":\"https:\\\/\\\/costaluzestates.com\\\/wp-content\\\/uploads\\\/2025\\\/04\\\/cropped-favicon-costaluz.webp\",\"width\":512,\"height\":512,\"caption\":\"Costaluz Estates\"},\"image\":{\"@id\":\"https:\\\/\\\/costaluzestates.com\\\/#\\\/schema\\\/logo\\\/image\\\/\"},\"sameAs\":[\"https:\\\/\\\/www.facebook.com\\\/people\\\/Costaluz-Estates\\\/61561139300552\\\/\",\"https:\\\/\\\/www.instagram.com\\\/costaluzestates.inmobiliaria\\\/\"]}]}<\/script>\n<!-- \/ Yoast SEO plugin. -->","yoast_head_json":{"title":"Cookies-Richtlinie | Costaluz","robots":{"index":"noindex","follow":"follow"},"og_locale":"de_DE","og_type":"article","og_title":"Pol\u00edtica de cookies | Costaluz","og_description":"Pol\u00edtica de Cookies 1. Definici\u00f3n y funciones de las cookies. Una cookie es un fichero que se descarga en el equipo del Usuario al acceder a determinados sitios web. Las cookies permiten al sitio web, entre otras cosas, almacenar y recuperar informaci\u00f3n sobre los h\u00e1bitos de navegaci\u00f3n del Usuario o de su equipo y, dependiendo [&hellip;]","og_url":"https:\/\/costaluzestates.com\/de\/cookie-richtlinie\/","og_site_name":"Costaluz","article_publisher":"https:\/\/www.facebook.com\/people\/Costaluz-Estates\/61561139300552\/","article_modified_time":"2026-05-08T08:39:19+00:00","og_image":[{"width":1662,"height":1068,"url":"https:\/\/costaluzestates.com\/wp-content\/uploads\/2025\/07\/costaluz-estates.webp","type":"image\/webp"}],"twitter_card":"summary_large_image","twitter_misc":{"Gesch\u00e4tzte Lesezeit":"6\u00a0Minuten"},"schema":{"@context":"https:\/\/schema.org","@graph":[{"@type":"WebPage","@id":"https:\/\/costaluzestates.com\/politica-cookies\/","url":"https:\/\/costaluzestates.com\/politica-cookies\/","name":"Cookies-Richtlinie | Costaluz","isPartOf":{"@id":"https:\/\/costaluzestates.com\/#website"},"datePublished":"2025-04-10T08:43:33+00:00","dateModified":"2026-05-08T08:39:19+00:00","breadcrumb":{"@id":"https:\/\/costaluzestates.com\/politica-cookies\/#breadcrumb"},"inLanguage":"de","potentialAction":[{"@type":"ReadAction","target":["https:\/\/costaluzestates.com\/politica-cookies\/"]}]},{"@type":"BreadcrumbList","@id":"https:\/\/costaluzestates.com\/politica-cookies\/#breadcrumb","itemListElement":[{"@type":"ListItem","position":1,"name":"Portada","item":"https:\/\/costaluzestates.com\/"},{"@type":"ListItem","position":2,"name":"Pol\u00edtica de cookies"}]},{"@type":"WebSite","@id":"https:\/\/costaluzestates.com\/#website","url":"https:\/\/costaluzestates.com\/","name":"Costaluz-Siedlungen","description":"Wir sind Spezialisten f\u00fcr exklusive Immobilien an der Costa de la Luz. Finden Sie Ihr ideales Zuhause in C\u00e1diz mit individueller und professioneller Beratung.","publisher":{"@id":"https:\/\/costaluzestates.com\/#organization"},"alternateName":"Costaluz Estates Inmobiliaria","potentialAction":[{"@type":"SearchAction","target":{"@type":"EntryPoint","urlTemplate":"https:\/\/costaluzestates.com\/?s={search_term_string}"},"query-input":{"@type":"PropertyValueSpecification","valueRequired":true,"valueName":"search_term_string"}}],"inLanguage":"de"},{"@type":"Organization","@id":"https:\/\/costaluzestates.com\/#organization","name":"Costaluz-Siedlungen","alternateName":"Costaluz Estates Inmobiliaria","url":"https:\/\/costaluzestates.com\/","logo":{"@type":"ImageObject","inLanguage":"de","@id":"https:\/\/costaluzestates.com\/#\/schema\/logo\/image\/","url":"https:\/\/costaluzestates.com\/wp-content\/uploads\/2025\/04\/cropped-favicon-costaluz.webp","contentUrl":"https:\/\/costaluzestates.com\/wp-content\/uploads\/2025\/04\/cropped-favicon-costaluz.webp","width":512,"height":512,"caption":"Costaluz Estates"},"image":{"@id":"https:\/\/costaluzestates.com\/#\/schema\/logo\/image\/"},"sameAs":["https:\/\/www.facebook.com\/people\/Costaluz-Estates\/61561139300552\/","https:\/\/www.instagram.com\/costaluzestates.inmobiliaria\/"]}]}},"_links":{"self":[{"href":"https:\/\/costaluzestates.com\/de\/wp-json\/wp\/v2\/pages\/47","targetHints":{"allow":["GET"]}}],"collection":[{"href":"https:\/\/costaluzestates.com\/de\/wp-json\/wp\/v2\/pages"}],"about":[{"href":"https:\/\/costaluzestates.com\/de\/wp-json\/wp\/v2\/types\/page"}],"author":[{"embeddable":true,"href":"https:\/\/costaluzestates.com\/de\/wp-json\/wp\/v2\/users\/2"}],"replies":[{"embeddable":true,"href":"https:\/\/costaluzestates.com\/de\/wp-json\/wp\/v2\/comments?post=47"}],"version-history":[{"count":4,"href":"https:\/\/costaluzestates.com\/de\/wp-json\/wp\/v2\/pages\/47\/revisions"}],"predecessor-version":[{"id":1528,"href":"https:\/\/costaluzestates.com\/de\/wp-json\/wp\/v2\/pages\/47\/revisions\/1528"}],"wp:attachment":[{"href":"https:\/\/costaluzestates.com\/de\/wp-json\/wp\/v2\/media?parent=47"}],"curies":[{"name":"wp","href":"https:\/\/api.w.org\/{rel}","templated":true}]}}