{"id":52,"date":"2025-04-10T10:43:59","date_gmt":"2025-04-10T08:43:59","guid":{"rendered":"https:\/\/costaluzestates.com\/?page_id=52"},"modified":"2025-12-02T10:48:10","modified_gmt":"2025-12-02T09:48:10","slug":"rechtshinweis","status":"publish","type":"page","link":"https:\/\/costaluzestates.com\/de\/aviso-legal\/","title":{"rendered":"Rechtlicher Hinweis"},"content":{"rendered":"<div data-elementor-type=\"wp-page\" data-elementor-id=\"52\" class=\"elementor elementor-52\" data-elementor-post-type=\"page\">\n\t\t\t\t<div class=\"elementor-element elementor-element-75edbd0 e-flex e-con-boxed e-con e-parent\" data-id=\"75edbd0\" data-element_type=\"container\" data-e-type=\"container\">\n\t\t\t\t\t<div class=\"e-con-inner\">\n\t\t\t\t<div class=\"elementor-element elementor-element-6f65610 elementor-widget elementor-widget-heading\" data-id=\"6f65610\" data-element_type=\"widget\" data-e-type=\"widget\" data-widget_type=\"heading.default\">\n\t\t\t\t\t<h2 class=\"elementor-heading-title elementor-size-default\">Rechtliche Hinweise und allgemeine Nutzungsbedingungen.\n<\/h2>\t\t\t\t<\/div>\n\t\t\t\t<div class=\"elementor-element elementor-element-ddb03d8 elementor-widget elementor-widget-text-editor\" data-id=\"ddb03d8\" data-element_type=\"widget\" data-e-type=\"widget\" data-widget_type=\"text-editor.default\">\n\t\t\t\t\t\t\t\t\t<p>I. ALLGEMEINE INFORMATIONEN<\/p>\t\t\t\t\t\t\t\t<\/div>\n\t\t\t\t<div class=\"elementor-element elementor-element-e1da3aa elementor-widget elementor-widget-text-editor\" data-id=\"e1da3aa\" data-element_type=\"widget\" data-e-type=\"widget\" data-widget_type=\"text-editor.default\">\n\t\t\t\t\t\t\t\t\t<p>In Erf\u00fcllung der Informationspflicht gem\u00e4\u00df dem Gesetz 34\/2002 \u00fcber die Dienste der Informationsgesellschaft und den elektronischen Gesch\u00e4ftsverkehr (LSSI-CE) vom 11. Juli werden im Folgenden die allgemeinen Informationen zu dieser Website gegeben:<\/p><p>Eigent\u00fcmer dieser Website https:\/\/costaluz.com (nachstehend \"Website\" genannt) ist Juan Antonio Rodr\u00edguez Garc\u00eda, mit der CIF-Nummer B16892499, dessen Kontaktdaten lauten: Juan Antonio Rodr\u00edguez Garc\u00eda, mit der CIF-Nummer B16892499, dessen Kontaktdaten lauten:<\/p><p>E-Mail-Kontakt: info@templecambria.com<\/p>\t\t\t\t\t\t\t\t<\/div>\n\t\t\t\t<div class=\"elementor-element elementor-element-7062049 elementor-widget elementor-widget-text-editor\" data-id=\"7062049\" data-element_type=\"widget\" data-e-type=\"widget\" data-widget_type=\"text-editor.default\">\n\t\t\t\t\t\t\t\t\t<p>II. ALLGEMEINE NUTZUNGSBEDINGUNGEN<\/p>\t\t\t\t\t\t\t\t<\/div>\n\t\t\t\t<div class=\"elementor-element elementor-element-00dd6b2 elementor-widget elementor-widget-text-editor\" data-id=\"00dd6b2\" data-element_type=\"widget\" data-e-type=\"widget\" data-widget_type=\"text-editor.default\">\n\t\t\t\t\t\t\t\t\t<p>Der Gegenstand der Bedingungen und Konditionen: Die Website<\/p>\t\t\t\t\t\t\t\t<\/div>\n\t\t\t\t<div class=\"elementor-element elementor-element-a81483b elementor-widget elementor-widget-text-editor\" data-id=\"a81483b\" data-element_type=\"widget\" data-e-type=\"widget\" data-widget_type=\"text-editor.default\">\n\t\t\t\t\t\t\t\t\t<p>Zweck der vorliegenden Allgemeinen Nutzungsbedingungen (im Folgenden Bedingungen) ist es, den Zugang zu und die Nutzung der Website zu regeln. Im Sinne dieser Bedingungen sind unter der Website zu verstehen: das \u00e4u\u00dfere Erscheinungsbild der statischen und dynamischen Bildschirmoberfl\u00e4chen, d. h. der Navigationsbaum, und alle Elemente, die sowohl in die Bildschirmoberfl\u00e4chen als auch in den Navigationsbaum integriert sind (im Folgenden \"Inhalte\"), sowie alle Online-Dienste oder Ressourcen, die den Nutzern angeboten werden k\u00f6nnen (im Folgenden \"Dienste\").<\/p><p>COSTALUZ beh\u00e4lt sich das Recht vor, jederzeit und ohne Vorank\u00fcndigung die Pr\u00e4sentation und Konfiguration der Website sowie die darin enthaltenen Inhalte und Dienstleistungen zu \u00e4ndern. Der Nutzer erkennt an und akzeptiert, dass COSTALUZ jederzeit diese Elemente der Website oder den Zugang zu ihnen unterbrechen, deaktivieren und\/oder l\u00f6schen kann.<\/p>\t\t\t\t\t\t\t\t<\/div>\n\t\t\t\t<div class=\"elementor-element elementor-element-91df527 elementor-widget elementor-widget-text-editor\" data-id=\"91df527\" data-element_type=\"widget\" data-e-type=\"widget\" data-widget_type=\"text-editor.default\">\n\t\t\t\t\t\t\t\t\t<p>Der Benutzer<\/p>\t\t\t\t\t\t\t\t<\/div>\n\t\t\t\t<div class=\"elementor-element elementor-element-bf459d0 elementor-widget elementor-widget-text-editor\" data-id=\"bf459d0\" data-element_type=\"widget\" data-e-type=\"widget\" data-widget_type=\"text-editor.default\">\n\t\t\t\t\t\t\t\t\t<p>Der Zugang, das Surfen und die Nutzung der Website verleihen dem Nutzer die Eigenschaft eines Benutzers, und daher akzeptiert der Nutzer von dem Moment an, in dem er auf der Website surft, alle hier festgelegten Bedingungen sowie alle sp\u00e4teren \u00c4nderungen, unbeschadet der Anwendung der entsprechenden gesetzlichen Bestimmungen, die in jedem Fall eingehalten werden m\u00fcssen. In Anbetracht der Relevanz des Vorstehenden wird dem Nutzer empfohlen, sie bei jedem Besuch der Website zu lesen.<\/p><p>Die COSTALUZ-Website bietet eine breite Palette von Informationen, Dienstleistungen und Daten. Der Nutzer \u00fcbernimmt die Verantwortung f\u00fcr die korrekte Nutzung der Website. Diese Verantwortung erstreckt sich auf:<\/p><ul><li>Jegliche Nutzung der von COSTALUZ angebotenen Informationen, Inhalte und\/oder Dienstleistungen und Daten, die gegen die Bestimmungen dieser Allgemeinen Gesch\u00e4ftsbedingungen, das Gesetz, die guten Sitten oder die \u00f6ffentliche Ordnung verst\u00f6\u00dft oder in sonstiger Weise die Rechte Dritter oder den Betrieb der Website verletzen k\u00f6nnte.<\/li><li>Die Wahrhaftigkeit und Rechtm\u00e4\u00dfigkeit der Informationen, die der Benutzer in den von COSTALUZ bereitgestellten Formularen f\u00fcr den Zugang zu bestimmten auf der Website angebotenen Inhalten oder Dienstleistungen angibt. In jedem Fall ist der Benutzer verpflichtet, COSTALUZ unverz\u00fcglich jedes Ereignis mitzuteilen, das zu einer missbr\u00e4uchlichen Verwendung der in diesen Formularen eingetragenen Informationen f\u00fchren k\u00f6nnte, wie z. B. Diebstahl, Verlust oder unbefugter Zugriff auf Identifikatoren und\/oder Passw\u00f6rter, um deren sofortige L\u00f6schung zu veranlassen.<\/li><\/ul><div>\u00a0<\/div><p>Der blo\u00dfe Zugriff auf diese Website bedeutet nicht, dass eine Gesch\u00e4ftsbeziehung zwischen COSTALUZ und dem Nutzer entsteht.<\/p>\t\t\t\t\t\t\t\t<\/div>\n\t\t\t\t<div class=\"elementor-element elementor-element-1141d27 elementor-widget elementor-widget-text-editor\" data-id=\"1141d27\" data-element_type=\"widget\" data-e-type=\"widget\" data-widget_type=\"text-editor.default\">\n\t\t\t\t\t\t\t\t\t<p>III. ZUGANG UND NAVIGATION AUF DER WEBSITE: AUSSCHLUSS VON GEW\u00c4HRLEISTUNG UND HAFTUNG<\/p>\t\t\t\t\t\t\t\t<\/div>\n\t\t\t\t<div class=\"elementor-element elementor-element-1bbda56 elementor-widget elementor-widget-text-editor\" data-id=\"1bbda56\" data-element_type=\"widget\" data-e-type=\"widget\" data-widget_type=\"text-editor.default\">\n\t\t\t\t\t\t\t\t\t<p>COSTALUZ \u00fcbernimmt keine Garantie f\u00fcr die Kontinuit\u00e4t, die Verf\u00fcgbarkeit oder die N\u00fctzlichkeit der Website, ihrer Inhalte oder Dienstleistungen. COSTALUZ unternimmt alle Anstrengungen, um das ordnungsgem\u00e4\u00dfe Funktionieren der Website zu gew\u00e4hrleisten; COSTALUZ garantiert jedoch nicht, dass der Zugang zur Website ununterbrochen oder fehlerfrei ist.<\/p><p>COSTALUZ \u00fcbernimmt auch keine Haftung oder Garantie daf\u00fcr, dass der Inhalt oder die Software, auf die \u00fcber diese Website zugegriffen werden kann, fehlerfrei ist oder keine Sch\u00e4den am Computersystem (Software und Hardware) des Benutzers verursacht. Unter keinen Umst\u00e4nden haftet COSTALUZ f\u00fcr Verluste, Sch\u00e4den oder Beeintr\u00e4chtigungen jeglicher Art, die sich aus dem Zugriff auf die Website, dem Browsen oder der Nutzung der Website ergeben, einschlie\u00dflich, aber nicht beschr\u00e4nkt auf Sch\u00e4den an Computersystemen oder durch die Einf\u00fchrung von Viren.<\/p><p>COSTALUZ \u00fcbernimmt auch keine Haftung f\u00fcr Sch\u00e4den, die den Nutzern durch unsachgem\u00e4\u00dfe Nutzung dieser Website entstehen k\u00f6nnen. Insbesondere \u00fcbernimmt COSTALUZ keine Haftung f\u00fcr eventuelle St\u00f6rungen, Unterbrechungen, Fehler oder Defekte in der Telekommunikation, die auftreten k\u00f6nnen.<\/p>\t\t\t\t\t\t\t\t<\/div>\n\t\t\t\t<div class=\"elementor-element elementor-element-56fb2ab elementor-widget elementor-widget-text-editor\" data-id=\"56fb2ab\" data-element_type=\"widget\" data-e-type=\"widget\" data-widget_type=\"text-editor.default\">\n\t\t\t\t\t\t\t\t\t<p>IV. KOPPLUNGSPOLITIK<\/p>\t\t\t\t\t\t\t\t<\/div>\n\t\t\t\t<div class=\"elementor-element elementor-element-0337f09 elementor-widget elementor-widget-text-editor\" data-id=\"0337f09\" data-element_type=\"widget\" data-e-type=\"widget\" data-widget_type=\"text-editor.default\">\n\t\t\t\t\t\t\t\t\t<p>COSTALUZ bietet weder selbst noch \u00fcber Dritte die auf solchen verlinkten Seiten verf\u00fcgbaren Produkte und\/oder Dienstleistungen an oder vermarktet sie.<\/p><p>Nutzer oder Dritte, die einen Hyperlink von einer Webseite einer anderen Website zur COSTALUZ-Website einrichten, sollten sich dessen bewusst sein:<\/p><p>Keiner der Inhalte und\/oder Dienste der Website darf ohne ausdr\u00fcckliche Genehmigung von COSTALUZ ganz oder teilweise reproduziert werden.<\/p><p>Es d\u00fcrfen keine falschen, ungenauen oder inkorrekten Aussagen \u00fcber die COSTALUZ-Website oder deren Inhalt und\/oder Dienstleistungen gemacht werden.<\/p><p>Mit Ausnahme des Hyperlinks darf die Website, auf der der Hyperlink eingerichtet ist, keine Elemente dieser Website enthalten, die nach spanischem Recht als geistiges Eigentum gesch\u00fctzt sind, es sei denn, COSTALUZ hat dies ausdr\u00fccklich genehmigt.<\/p><p>Die Einrichtung eines Hyperlinks impliziert weder das Bestehen einer Beziehung zwischen COSTALUZ und dem Eigent\u00fcmer der Website, von der aus er eingerichtet wurde, noch die Kenntnis und Akzeptanz der auf der besagten Website angebotenen Inhalte, Dienstleistungen und\/oder Aktivit\u00e4ten durch COSTALUZ, und umgekehrt.<\/p>\t\t\t\t\t\t\t\t<\/div>\n\t\t\t\t<div class=\"elementor-element elementor-element-e0a9bf6 elementor-widget elementor-widget-text-editor\" data-id=\"e0a9bf6\" data-element_type=\"widget\" data-e-type=\"widget\" data-widget_type=\"text-editor.default\">\n\t\t\t\t\t\t\t\t\t<p>V. GEISTIGES UND GEWERBLICHES EIGENTUM<\/p>\t\t\t\t\t\t\t\t<\/div>\n\t\t\t\t<div class=\"elementor-element elementor-element-1ee75ff elementor-widget elementor-widget-text-editor\" data-id=\"1ee75ff\" data-element_type=\"widget\" data-e-type=\"widget\" data-widget_type=\"text-editor.default\">\n\t\t\t\t\t\t\t\t\t<p>COSTALUZ selbst oder als Rechtsnachfolger ist Eigent\u00fcmer aller geistigen und gewerblichen Eigentumsrechte an der Website sowie an den darin enthaltenen Elementen (einschlie\u00dflich, aber nicht beschr\u00e4nkt auf Bilder, Ton, Audio, Video, Software oder Text, Marken oder Logos, Farbkombinationen, Struktur und Design, Auswahl der verwendeten Materialien, Computerprogramme, die f\u00fcr den Betrieb, den Zugang und die Nutzung erforderlich sind, usw.). Es handelt sich also um Werke, die als geistiges Eigentum durch das spanische Rechtssystem gesch\u00fctzt sind, da auf sie sowohl die spanischen und gemeinschaftlichen Vorschriften in diesem Bereich als auch die von Spanien unterzeichneten internationalen Vertr\u00e4ge in diesem Bereich anwendbar sind.<\/p><p>Alle Rechte vorbehalten. Gem\u00e4\u00df den Bestimmungen des Gesetzes zum Schutz des geistigen Eigentums ist die Vervielf\u00e4ltigung, Verbreitung und \u00f6ffentliche Wiedergabe, einschlie\u00dflich der Bereitstellung, des gesamten oder eines Teils des Inhalts dieser Website zu kommerziellen Zwecken auf jedem Medium und mit jedem technischen Mittel ohne Genehmigung von COSTALUZ ausdr\u00fccklich verboten.<\/p><p>Der Benutzer verpflichtet sich, die geistigen und gewerblichen Eigentumsrechte von COSTALUZ zu respektieren. Sie d\u00fcrfen die Elemente der Website ansehen oder sogar ausdrucken, kopieren und auf der Festplatte Ihres Computers oder auf einem anderen physischen Medium speichern, sofern dies ausschlie\u00dflich f\u00fcr Ihren pers\u00f6nlichen Gebrauch geschieht. Der Nutzer darf jedoch keine auf der Website installierten Schutzvorrichtungen oder Sicherheitssysteme entfernen, ver\u00e4ndern oder manipulieren.<\/p><p>Sollte der Nutzer oder ein Dritter der Ansicht sein, dass ein Inhalt der Website eine Verletzung von Rechten zum Schutz des geistigen Eigentums darstellt, muss er COSTALUZ unverz\u00fcglich unter Verwendung der Kontaktdaten im Abschnitt ALLGEMEINE INFORMATIONEN der vorliegenden rechtlichen Hinweise und allgemeinen Nutzungsbedingungen informieren.<\/p>\t\t\t\t\t\t\t\t<\/div>\n\t\t\t\t<div class=\"elementor-element elementor-element-e9f2b62 elementor-widget elementor-widget-text-editor\" data-id=\"e9f2b62\" data-element_type=\"widget\" data-e-type=\"widget\" data-widget_type=\"text-editor.default\">\n\t\t\t\t\t\t\t\t\t<p>VI. GERICHTSVERFAHREN, ANWENDBARES RECHT UND GERICHTSBARKEIT<\/p>\t\t\t\t\t\t\t\t<\/div>\n\t\t\t\t<div class=\"elementor-element elementor-element-32b0958 elementor-widget elementor-widget-text-editor\" data-id=\"32b0958\" data-element_type=\"widget\" data-e-type=\"widget\" data-widget_type=\"text-editor.default\">\n\t\t\t\t\t\t\t\t\t<p>COSTALUZ beh\u00e4lt sich das Recht vor, alle zivil- oder strafrechtlichen Schritte einzuleiten, die es f\u00fcr eine missbr\u00e4uchliche Nutzung der Website und ihrer Inhalte oder f\u00fcr einen Versto\u00df gegen die vorliegenden Bedingungen f\u00fcr notwendig erachtet.<\/p><p>Die Beziehung zwischen dem Nutzer und COSTALUZ unterliegt den in Spanien geltenden und anwendbaren Vorschriften. Im Falle von Streitigkeiten in Bezug auf die Auslegung und\/oder Anwendung der vorliegenden Bedingungen unterwerfen die Parteien ihre Streitigkeiten der ordentlichen Gerichtsbarkeit der Gerichte, die nach dem Gesetz anwendbar sind.<\/p><p>Dieses Dokument mit rechtlichen Hinweisen und Nutzungsbedingungen wurde mit Hilfe des Online-Generators f\u00fcr rechtliche Hinweise und Nutzungsbedingungen am 16\/07\/2021 erstellt.<\/p>\t\t\t\t\t\t\t\t<\/div>\n\t\t\t\t\t<\/div>\n\t\t\t\t<\/div>\n\t\t\t\t<\/div>","protected":false},"excerpt":{"rendered":"<p>Aviso legal y condiciones generales de uso. I. INFORMACI\u00d3N GENERAL En cumplimiento con el deber de informaci\u00f3n dispuesto en la Ley 34\/2002 de Servicios de la Sociedad de la Informaci\u00f3n y el Comercio Electr\u00f3nico (LSSI-CE) de 11 de julio, se facilitan a continuaci\u00f3n los siguientes datos de informaci\u00f3n general de este sitio web: La titularidad [&hellip;]<\/p>\n","protected":false},"author":2,"featured_media":0,"parent":0,"menu_order":0,"comment_status":"closed","ping_status":"closed","template":"","meta":{"footnotes":""},"class_list":["post-52","page","type-page","status-publish","hentry"],"yoast_head":"<!-- This site is optimized with the Yoast SEO plugin v27.4 - https:\/\/yoast.com\/product\/yoast-seo-wordpress\/ -->\n<title>Aviso legal | Costaluz<\/title>\n<meta name=\"robots\" content=\"noindex, follow\" \/>\n<meta property=\"og:locale\" content=\"de_DE\" \/>\n<meta property=\"og:type\" content=\"article\" \/>\n<meta property=\"og:title\" content=\"Aviso legal | Costaluz\" \/>\n<meta property=\"og:description\" content=\"Aviso legal y condiciones generales de uso. I. INFORMACI\u00d3N GENERAL En cumplimiento con el deber de informaci\u00f3n dispuesto en la Ley 34\/2002 de Servicios de la Sociedad de la Informaci\u00f3n y el Comercio Electr\u00f3nico (LSSI-CE) de 11 de julio, se facilitan a continuaci\u00f3n los siguientes datos de informaci\u00f3n general de este sitio web: La titularidad [&hellip;]\" \/>\n<meta property=\"og:url\" content=\"https:\/\/costaluzestates.com\/de\/rechtshinweis\/\" \/>\n<meta property=\"og:site_name\" content=\"Costaluz\" \/>\n<meta property=\"article:publisher\" content=\"https:\/\/www.facebook.com\/people\/Costaluz-Estates\/61561139300552\/\" \/>\n<meta property=\"article:modified_time\" content=\"2025-12-02T09:48:10+00:00\" \/>\n<meta property=\"og:image\" content=\"https:\/\/costaluzestates.com\/wp-content\/uploads\/2025\/07\/costaluz-estates.webp\" \/>\n\t<meta property=\"og:image:width\" content=\"1662\" \/>\n\t<meta property=\"og:image:height\" content=\"1068\" \/>\n\t<meta property=\"og:image:type\" content=\"image\/webp\" \/>\n<meta name=\"twitter:card\" content=\"summary_large_image\" \/>\n<meta name=\"twitter:label1\" content=\"Gesch\u00e4tzte Lesezeit\" \/>\n\t<meta name=\"twitter:data1\" content=\"7\u00a0Minuten\" \/>\n<script type=\"application\/ld+json\" class=\"yoast-schema-graph\">{\"@context\":\"https:\\\/\\\/schema.org\",\"@graph\":[{\"@type\":\"WebPage\",\"@id\":\"https:\\\/\\\/costaluzestates.com\\\/aviso-legal\\\/\",\"url\":\"https:\\\/\\\/costaluzestates.com\\\/aviso-legal\\\/\",\"name\":\"Aviso legal | Costaluz\",\"isPartOf\":{\"@id\":\"https:\\\/\\\/costaluzestates.com\\\/#website\"},\"datePublished\":\"2025-04-10T08:43:59+00:00\",\"dateModified\":\"2025-12-02T09:48:10+00:00\",\"breadcrumb\":{\"@id\":\"https:\\\/\\\/costaluzestates.com\\\/aviso-legal\\\/#breadcrumb\"},\"inLanguage\":\"de\",\"potentialAction\":[{\"@type\":\"ReadAction\",\"target\":[\"https:\\\/\\\/costaluzestates.com\\\/aviso-legal\\\/\"]}]},{\"@type\":\"BreadcrumbList\",\"@id\":\"https:\\\/\\\/costaluzestates.com\\\/aviso-legal\\\/#breadcrumb\",\"itemListElement\":[{\"@type\":\"ListItem\",\"position\":1,\"name\":\"Portada\",\"item\":\"https:\\\/\\\/costaluzestates.com\\\/\"},{\"@type\":\"ListItem\",\"position\":2,\"name\":\"Aviso legal\"}]},{\"@type\":\"WebSite\",\"@id\":\"https:\\\/\\\/costaluzestates.com\\\/#website\",\"url\":\"https:\\\/\\\/costaluzestates.com\\\/\",\"name\":\"Costaluz Estates\",\"description\":\"Especialistas en propiedades exclusivas en la Costa de la Luz. Encuentra tu hogar ideal en C\u00e1diz con asesoramiento personalizado y profesional.\",\"publisher\":{\"@id\":\"https:\\\/\\\/costaluzestates.com\\\/#organization\"},\"alternateName\":\"Costaluz Estates Inmobiliaria\",\"potentialAction\":[{\"@type\":\"SearchAction\",\"target\":{\"@type\":\"EntryPoint\",\"urlTemplate\":\"https:\\\/\\\/costaluzestates.com\\\/?s={search_term_string}\"},\"query-input\":{\"@type\":\"PropertyValueSpecification\",\"valueRequired\":true,\"valueName\":\"search_term_string\"}}],\"inLanguage\":\"de\"},{\"@type\":\"Organization\",\"@id\":\"https:\\\/\\\/costaluzestates.com\\\/#organization\",\"name\":\"Costaluz Estates\",\"alternateName\":\"Costaluz Estates Inmobiliaria\",\"url\":\"https:\\\/\\\/costaluzestates.com\\\/\",\"logo\":{\"@type\":\"ImageObject\",\"inLanguage\":\"de\",\"@id\":\"https:\\\/\\\/costaluzestates.com\\\/#\\\/schema\\\/logo\\\/image\\\/\",\"url\":\"https:\\\/\\\/costaluzestates.com\\\/wp-content\\\/uploads\\\/2025\\\/04\\\/cropped-favicon-costaluz.webp\",\"contentUrl\":\"https:\\\/\\\/costaluzestates.com\\\/wp-content\\\/uploads\\\/2025\\\/04\\\/cropped-favicon-costaluz.webp\",\"width\":512,\"height\":512,\"caption\":\"Costaluz Estates\"},\"image\":{\"@id\":\"https:\\\/\\\/costaluzestates.com\\\/#\\\/schema\\\/logo\\\/image\\\/\"},\"sameAs\":[\"https:\\\/\\\/www.facebook.com\\\/people\\\/Costaluz-Estates\\\/61561139300552\\\/\",\"https:\\\/\\\/www.instagram.com\\\/costaluzestates.inmobiliaria\\\/\"]}]}<\/script>\n<!-- \/ Yoast SEO plugin. -->","yoast_head_json":{"title":"Rechtlicher Hinweis : Costaluz","robots":{"index":"noindex","follow":"follow"},"og_locale":"de_DE","og_type":"article","og_title":"Aviso legal | Costaluz","og_description":"Aviso legal y condiciones generales de uso. I. INFORMACI\u00d3N GENERAL En cumplimiento con el deber de informaci\u00f3n dispuesto en la Ley 34\/2002 de Servicios de la Sociedad de la Informaci\u00f3n y el Comercio Electr\u00f3nico (LSSI-CE) de 11 de julio, se facilitan a continuaci\u00f3n los siguientes datos de informaci\u00f3n general de este sitio web: La titularidad [&hellip;]","og_url":"https:\/\/costaluzestates.com\/de\/rechtshinweis\/","og_site_name":"Costaluz","article_publisher":"https:\/\/www.facebook.com\/people\/Costaluz-Estates\/61561139300552\/","article_modified_time":"2025-12-02T09:48:10+00:00","og_image":[{"width":1662,"height":1068,"url":"https:\/\/costaluzestates.com\/wp-content\/uploads\/2025\/07\/costaluz-estates.webp","type":"image\/webp"}],"twitter_card":"summary_large_image","twitter_misc":{"Gesch\u00e4tzte Lesezeit":"7\u00a0Minuten"},"schema":{"@context":"https:\/\/schema.org","@graph":[{"@type":"WebPage","@id":"https:\/\/costaluzestates.com\/aviso-legal\/","url":"https:\/\/costaluzestates.com\/aviso-legal\/","name":"Rechtlicher Hinweis : Costaluz","isPartOf":{"@id":"https:\/\/costaluzestates.com\/#website"},"datePublished":"2025-04-10T08:43:59+00:00","dateModified":"2025-12-02T09:48:10+00:00","breadcrumb":{"@id":"https:\/\/costaluzestates.com\/aviso-legal\/#breadcrumb"},"inLanguage":"de","potentialAction":[{"@type":"ReadAction","target":["https:\/\/costaluzestates.com\/aviso-legal\/"]}]},{"@type":"BreadcrumbList","@id":"https:\/\/costaluzestates.com\/aviso-legal\/#breadcrumb","itemListElement":[{"@type":"ListItem","position":1,"name":"Portada","item":"https:\/\/costaluzestates.com\/"},{"@type":"ListItem","position":2,"name":"Aviso legal"}]},{"@type":"WebSite","@id":"https:\/\/costaluzestates.com\/#website","url":"https:\/\/costaluzestates.com\/","name":"Costaluz-Siedlungen","description":"Wir sind Spezialisten f\u00fcr exklusive Immobilien an der Costa de la Luz. Finden Sie Ihr ideales Zuhause in C\u00e1diz mit individueller und professioneller Beratung.","publisher":{"@id":"https:\/\/costaluzestates.com\/#organization"},"alternateName":"Costaluz Estates Inmobiliaria","potentialAction":[{"@type":"SearchAction","target":{"@type":"EntryPoint","urlTemplate":"https:\/\/costaluzestates.com\/?s={search_term_string}"},"query-input":{"@type":"PropertyValueSpecification","valueRequired":true,"valueName":"search_term_string"}}],"inLanguage":"de"},{"@type":"Organization","@id":"https:\/\/costaluzestates.com\/#organization","name":"Costaluz-Siedlungen","alternateName":"Costaluz Estates Inmobiliaria","url":"https:\/\/costaluzestates.com\/","logo":{"@type":"ImageObject","inLanguage":"de","@id":"https:\/\/costaluzestates.com\/#\/schema\/logo\/image\/","url":"https:\/\/costaluzestates.com\/wp-content\/uploads\/2025\/04\/cropped-favicon-costaluz.webp","contentUrl":"https:\/\/costaluzestates.com\/wp-content\/uploads\/2025\/04\/cropped-favicon-costaluz.webp","width":512,"height":512,"caption":"Costaluz Estates"},"image":{"@id":"https:\/\/costaluzestates.com\/#\/schema\/logo\/image\/"},"sameAs":["https:\/\/www.facebook.com\/people\/Costaluz-Estates\/61561139300552\/","https:\/\/www.instagram.com\/costaluzestates.inmobiliaria\/"]}]}},"_links":{"self":[{"href":"https:\/\/costaluzestates.com\/de\/wp-json\/wp\/v2\/pages\/52","targetHints":{"allow":["GET"]}}],"collection":[{"href":"https:\/\/costaluzestates.com\/de\/wp-json\/wp\/v2\/pages"}],"about":[{"href":"https:\/\/costaluzestates.com\/de\/wp-json\/wp\/v2\/types\/page"}],"author":[{"embeddable":true,"href":"https:\/\/costaluzestates.com\/de\/wp-json\/wp\/v2\/users\/2"}],"replies":[{"embeddable":true,"href":"https:\/\/costaluzestates.com\/de\/wp-json\/wp\/v2\/comments?post=52"}],"version-history":[{"count":1,"href":"https:\/\/costaluzestates.com\/de\/wp-json\/wp\/v2\/pages\/52\/revisions"}],"predecessor-version":[{"id":1399,"href":"https:\/\/costaluzestates.com\/de\/wp-json\/wp\/v2\/pages\/52\/revisions\/1399"}],"wp:attachment":[{"href":"https:\/\/costaluzestates.com\/de\/wp-json\/wp\/v2\/media?parent=52"}],"curies":[{"name":"wp","href":"https:\/\/api.w.org\/{rel}","templated":true}]}}