{"id":57,"date":"2025-04-10T10:44:26","date_gmt":"2025-04-10T08:44:26","guid":{"rendered":"https:\/\/costaluzestates.com\/?page_id=57"},"modified":"2025-12-02T10:47:43","modified_gmt":"2025-12-02T09:47:43","slug":"zuganglichkeit","status":"publish","type":"page","link":"https:\/\/costaluzestates.com\/de\/accesibilidad\/","title":{"rendered":"Erreichbarkeit"},"content":{"rendered":"<div data-elementor-type=\"wp-page\" data-elementor-id=\"57\" class=\"elementor elementor-57\" data-elementor-post-type=\"page\">\n\t\t\t\t<div class=\"elementor-element elementor-element-e0d6082 e-flex e-con-boxed e-con e-parent\" data-id=\"e0d6082\" data-element_type=\"container\" data-e-type=\"container\">\n\t\t\t\t\t<div class=\"e-con-inner\">\n\t\t\t\t<div class=\"elementor-element elementor-element-5758581 elementor-widget elementor-widget-heading\" data-id=\"5758581\" data-element_type=\"widget\" data-e-type=\"widget\" data-widget_type=\"heading.default\">\n\t\t\t\t\t<h2 class=\"elementor-heading-title elementor-size-default\">Erreichbarkeit<\/h2>\t\t\t\t<\/div>\n\t\t\t\t<div class=\"elementor-element elementor-element-2a02453 elementor-widget elementor-widget-text-editor\" data-id=\"2a02453\" data-element_type=\"widget\" data-e-type=\"widget\" data-widget_type=\"text-editor.default\">\n\t\t\t\t\t\t\t\t\t<p>ENGAGEMENT F\u00dcR BARRIEREFREIHEIT<\/p>\t\t\t\t\t\t\t\t<\/div>\n\t\t\t\t<div class=\"elementor-element elementor-element-28b37ea elementor-widget elementor-widget-text-editor\" data-id=\"28b37ea\" data-element_type=\"widget\" data-e-type=\"widget\" data-widget_type=\"text-editor.default\">\n\t\t\t\t\t\t\t\t\t<p>Juan Antonio Rodr\u00edguez Garc\u00eda verpflichtet sich, seine Website gem\u00e4\u00df dem K\u00f6niglichen Erlass 1112\/2018 vom 7. September \u00fcber die Zug\u00e4nglichkeit von Websites und Anwendungen f\u00fcr mobile Ger\u00e4te zug\u00e4nglich zu machen.<br \/>Diese Erkl\u00e4rung zur Zug\u00e4nglichkeit gilt f\u00fcr die Website https:\/\/www.costaluz.com\/.<br \/>Diese Website entspricht vollst\u00e4ndig der RD 1112\/2018.<br \/>Es erf\u00fcllt die folgenden Anforderungen:<\/p><ul><li>Die Website ist f\u00fcr ihre Nutzer, insbesondere f\u00fcr \u00e4ltere Menschen und Menschen mit Behinderungen, zug\u00e4nglich, so dass die Inhalte wahrnehmbar, bedienbar, verst\u00e4ndlich und robust sind, wobei die Bestimmungen von Artikel 6 ber\u00fccksichtigt werden.<\/li><li>Die Zug\u00e4nglichkeit wurde bei der Gestaltung, Verwaltung, Pflege und Aktualisierung der Inhalte der Website umfassend ber\u00fccksichtigt.<\/li><li>Die Website hat Schritte unternommen, um die Zug\u00e4nglichkeit im Hinblick auf das Mindestma\u00df an Zug\u00e4nglichkeit zu verbessern, das zu jeder Zeit erf\u00fcllt sein muss.<\/li><\/ul><div>\u00a0<\/div>\t\t\t\t\t\t\t\t<\/div>\n\t\t\t\t<div class=\"elementor-element elementor-element-3f2c767 elementor-widget elementor-widget-text-editor\" data-id=\"3f2c767\" data-element_type=\"widget\" data-e-type=\"widget\" data-widget_type=\"text-editor.default\">\n\t\t\t\t\t\t\t\t\t<p>NICHTEINHALTUNG DER RD 1112\/2018<\/p>\t\t\t\t\t\t\t\t<\/div>\n\t\t\t\t<div class=\"elementor-element elementor-element-21b6986 elementor-widget elementor-widget-text-editor\" data-id=\"21b6986\" data-element_type=\"widget\" data-e-type=\"widget\" data-widget_type=\"text-editor.default\">\n\t\t\t\t\t\t\t\t\t<p>COSTALUZ steht im Einklang mit der RD 1112\/2018.<\/p>\t\t\t\t\t\t\t\t<\/div>\n\t\t\t\t<div class=\"elementor-element elementor-element-9d29f10 elementor-widget elementor-widget-text-editor\" data-id=\"9d29f10\" data-element_type=\"widget\" data-e-type=\"widget\" data-widget_type=\"text-editor.default\">\n\t\t\t\t\t\t\t\t\t<p>UNVERH\u00c4LTNISM\u00c4SSIGE BELASTUNG<\/p>\t\t\t\t\t\t\t\t<\/div>\n\t\t\t\t<div class=\"elementor-element elementor-element-c577c2f elementor-widget elementor-widget-text-editor\" data-id=\"c577c2f\" data-element_type=\"widget\" data-e-type=\"widget\" data-widget_type=\"text-editor.default\">\n\t\t\t\t\t\t\t\t\t<p>Es wird davon ausgegangen, dass keine unverh\u00e4ltnism\u00e4\u00dfige Belastung vorliegt.<br \/>Um zu beurteilen, inwieweit die Einhaltung der Zug\u00e4nglichkeitsanforderungen dieses k\u00f6niglichen Erlasses eine unverh\u00e4ltnism\u00e4\u00dfige Belastung darstellt, haben wir die folgenden Umst\u00e4nde in Betracht gezogen:<\/p><p style=\"padding-left: 40px;\">a) Gr\u00f6\u00dfe, Ressourcen und Art des jeweiligen beaufsichtigten Unternehmens.<br \/>(b) die gesch\u00e4tzten Kosten und den gesch\u00e4tzten Nutzen f\u00fcr sie im Verh\u00e4ltnis zum gesch\u00e4tzten Nutzen f\u00fcr Menschen mit Behinderungen und \u00e4ltere Menschen, wobei insbesondere die H\u00e4ufigkeit und Dauer der Nutzung der Website oder der mobilen Anwendung ber\u00fccksichtigt wird.<\/p>\t\t\t\t\t\t\t\t<\/div>\n\t\t\t\t<div class=\"elementor-element elementor-element-0c3bf8a elementor-widget elementor-widget-text-editor\" data-id=\"0c3bf8a\" data-element_type=\"widget\" data-e-type=\"widget\" data-widget_type=\"text-editor.default\">\n\t\t\t\t\t\t\t\t\t<p>DER INHALT F\u00c4LLT NICHT IN DEN GELTUNGSBEREICH DER GELTENDEN RECHTSVORSCHRIFTEN<\/p>\t\t\t\t\t\t\t\t<\/div>\n\t\t\t\t<div class=\"elementor-element elementor-element-a2a40cd elementor-widget elementor-widget-text-editor\" data-id=\"a2a40cd\" data-element_type=\"widget\" data-e-type=\"widget\" data-widget_type=\"text-editor.default\">\n\t\t\t\t\t\t\t\t\t<p>k.A.<\/p>\t\t\t\t\t\t\t\t<\/div>\n\t\t\t\t<div class=\"elementor-element elementor-element-564d51f elementor-widget elementor-widget-text-editor\" data-id=\"564d51f\" data-element_type=\"widget\" data-e-type=\"widget\" data-widget_type=\"text-editor.default\">\n\t\t\t\t\t\t\t\t\t<p>VORBEREITUNG DER N\u00c4CHSTEN ZUG\u00c4NGLICHKEITSERKL\u00c4RUNG<\/p>\t\t\t\t\t\t\t\t<\/div>\n\t\t\t\t<div class=\"elementor-element elementor-element-c6e9fc6 elementor-widget elementor-widget-text-editor\" data-id=\"c6e9fc6\" data-element_type=\"widget\" data-e-type=\"widget\" data-widget_type=\"text-editor.default\">\n\t\t\t\t\t\t\t\t\t<p>Diese Erkl\u00e4rung wurde am 24. Januar 2024 erstellt.<br \/>Die Methode zur Erstellung der Erkl\u00e4rung war eine Selbstbewertung, die von der Agentur selbst durchgef\u00fchrt wurde.<\/p>\t\t\t\t\t\t\t\t<\/div>\n\t\t\t\t<div class=\"elementor-element elementor-element-85114e2 elementor-widget elementor-widget-text-editor\" data-id=\"85114e2\" data-element_type=\"widget\" data-e-type=\"widget\" data-widget_type=\"text-editor.default\">\n\t\t\t\t\t\t\t\t\t<p>BEMERKUNGEN UND KONTAKTANGABEN<\/p>\t\t\t\t\t\t\t\t<\/div>\n\t\t\t\t<div class=\"elementor-element elementor-element-5bab2e3 elementor-widget elementor-widget-text-editor\" data-id=\"5bab2e3\" data-element_type=\"widget\" data-e-type=\"widget\" data-widget_type=\"text-editor.default\">\n\t\t\t\t\t\t\t\t\t<ul><li>Sie k\u00f6nnen Mitteilungen \u00fcber die Anforderungen an die Zug\u00e4nglichkeit (Artikel 10.2.a der RD 1112\/2018) machen, wie zum Beispiel: Melden Sie eine m\u00f6gliche Nichteinhaltung seitens dieser Website, kommunizieren Sie andere Schwierigkeiten beim Zugriff auf den Inhalt, machen Sie eine andere Anfrage oder einen Verbesserungsvorschlag bez\u00fcglich der Zug\u00e4nglichkeit der Website per E-Mail an info@templecambria.com.<\/li><li>Sie k\u00f6nnen eine Beschwerde \u00fcber die Einhaltung der Anforderungen des RD 1112\/2018 oder einen Antrag auf zug\u00e4ngliche Informationen einreichen:<br \/>Inhalte, die vom Anwendungsbereich der RD 1112\/2018 gem\u00e4\u00df Artikel 3 Absatz 4 ausgeschlossen sind.<br \/>Inhalte, die von den Zug\u00e4nglichkeitsanforderungen ausgenommen sind, weil sie eine unverh\u00e4ltnism\u00e4\u00dfige Belastung darstellen.<\/li><\/ul><div>\u00a0<\/div><p>In dem Antrag auf Zugang zu Informationen m\u00fcssen der Sachverhalt, die Gr\u00fcnde und der Antrag klar dargelegt werden, um nachzuweisen, dass der Antrag angemessen und rechtm\u00e4\u00dfig ist.<\/p><p>Beschwerden und Reklamationen \u00fcber zug\u00e4ngliche Informationen sind per E-Mail einzureichen. <a href=\"mailto:info@templecambria.com\">info@templecambria.com<\/a>\u00a0die von Juan Antonio Rodr\u00edguez Garc\u00eda entgegengenommen und bearbeitet werden.<\/p>\t\t\t\t\t\t\t\t<\/div>\n\t\t\t\t\t<\/div>\n\t\t\t\t<\/div>\n\t\t\t\t<\/div>","protected":false},"excerpt":{"rendered":"<p>Accesibilidad COMPROMISO DE ACCESIBILIDAD Juan Antonio Rodr\u00edguez Garc\u00eda se ha comprometido a hacer accesible su sitio web, de conformidad con el Real Decreto 1112\/2018, de 7 de septiembre, sobre accesibilidad de los sitios web y aplicaciones para dispositivos m\u00f3viles.La presente declaraci\u00f3n de accesibilidad se aplica al sitio web https:\/\/www.costaluz.com\/Este sitio web es plenamente conforme con [&hellip;]<\/p>\n","protected":false},"author":2,"featured_media":0,"parent":0,"menu_order":0,"comment_status":"closed","ping_status":"closed","template":"","meta":{"footnotes":""},"class_list":["post-57","page","type-page","status-publish","hentry"],"yoast_head":"<!-- This site is optimized with the Yoast SEO plugin v27.2 - https:\/\/yoast.com\/product\/yoast-seo-wordpress\/ -->\n<title>Accesibilidad | Costaluz<\/title>\n<meta name=\"robots\" content=\"noindex, follow\" \/>\n<meta property=\"og:locale\" content=\"de_DE\" \/>\n<meta property=\"og:type\" content=\"article\" \/>\n<meta property=\"og:title\" content=\"Accesibilidad | Costaluz\" \/>\n<meta property=\"og:description\" content=\"Accesibilidad COMPROMISO DE ACCESIBILIDAD Juan Antonio Rodr\u00edguez Garc\u00eda se ha comprometido a hacer accesible su sitio web, de conformidad con el Real Decreto 1112\/2018, de 7 de septiembre, sobre accesibilidad de los sitios web y aplicaciones para dispositivos m\u00f3viles.La presente declaraci\u00f3n de accesibilidad se aplica al sitio web https:\/\/www.costaluz.com\/Este sitio web es plenamente conforme con [&hellip;]\" \/>\n<meta property=\"og:url\" content=\"https:\/\/costaluzestates.com\/de\/zuganglichkeit\/\" \/>\n<meta property=\"og:site_name\" content=\"Costaluz\" \/>\n<meta property=\"article:publisher\" content=\"https:\/\/www.facebook.com\/people\/Costaluz-Estates\/61561139300552\/\" \/>\n<meta property=\"article:modified_time\" content=\"2025-12-02T09:47:43+00:00\" \/>\n<meta property=\"og:image\" content=\"https:\/\/costaluzestates.com\/wp-content\/uploads\/2025\/07\/costaluz-estates.webp\" \/>\n\t<meta property=\"og:image:width\" content=\"1662\" \/>\n\t<meta property=\"og:image:height\" content=\"1068\" \/>\n\t<meta property=\"og:image:type\" content=\"image\/webp\" \/>\n<meta name=\"twitter:card\" content=\"summary_large_image\" \/>\n<meta name=\"twitter:label1\" content=\"Gesch\u00e4tzte Lesezeit\" \/>\n\t<meta name=\"twitter:data1\" content=\"3\u00a0Minuten\" \/>\n<script type=\"application\/ld+json\" class=\"yoast-schema-graph\">{\"@context\":\"https:\/\/schema.org\",\"@graph\":[{\"@type\":\"WebPage\",\"@id\":\"https:\/\/costaluzestates.com\/accesibilidad\/\",\"url\":\"https:\/\/costaluzestates.com\/accesibilidad\/\",\"name\":\"Accesibilidad | Costaluz\",\"isPartOf\":{\"@id\":\"https:\/\/costaluzestates.com\/#website\"},\"datePublished\":\"2025-04-10T08:44:26+00:00\",\"dateModified\":\"2025-12-02T09:47:43+00:00\",\"breadcrumb\":{\"@id\":\"https:\/\/costaluzestates.com\/accesibilidad\/#breadcrumb\"},\"inLanguage\":\"de\",\"potentialAction\":[{\"@type\":\"ReadAction\",\"target\":[\"https:\/\/costaluzestates.com\/accesibilidad\/\"]}]},{\"@type\":\"BreadcrumbList\",\"@id\":\"https:\/\/costaluzestates.com\/accesibilidad\/#breadcrumb\",\"itemListElement\":[{\"@type\":\"ListItem\",\"position\":1,\"name\":\"Portada\",\"item\":\"https:\/\/costaluzestates.com\/\"},{\"@type\":\"ListItem\",\"position\":2,\"name\":\"Accesibilidad\"}]},{\"@type\":\"WebSite\",\"@id\":\"https:\/\/costaluzestates.com\/#website\",\"url\":\"https:\/\/costaluzestates.com\/\",\"name\":\"Costaluz Estates\",\"description\":\"Especialistas en propiedades exclusivas en la Costa de la Luz. Encuentra tu hogar ideal en C\u00e1diz con asesoramiento personalizado y profesional.\",\"publisher\":{\"@id\":\"https:\/\/costaluzestates.com\/#organization\"},\"alternateName\":\"Costaluz Estates Inmobiliaria\",\"potentialAction\":[{\"@type\":\"SearchAction\",\"target\":{\"@type\":\"EntryPoint\",\"urlTemplate\":\"https:\/\/costaluzestates.com\/?s={search_term_string}\"},\"query-input\":{\"@type\":\"PropertyValueSpecification\",\"valueRequired\":true,\"valueName\":\"search_term_string\"}}],\"inLanguage\":\"de\"},{\"@type\":\"Organization\",\"@id\":\"https:\/\/costaluzestates.com\/#organization\",\"name\":\"Costaluz Estates\",\"alternateName\":\"Costaluz Estates Inmobiliaria\",\"url\":\"https:\/\/costaluzestates.com\/\",\"logo\":{\"@type\":\"ImageObject\",\"inLanguage\":\"de\",\"@id\":\"https:\/\/costaluzestates.com\/#\/schema\/logo\/image\/\",\"url\":\"https:\/\/costaluzestates.com\/wp-content\/uploads\/2025\/04\/cropped-favicon-costaluz.webp\",\"contentUrl\":\"https:\/\/costaluzestates.com\/wp-content\/uploads\/2025\/04\/cropped-favicon-costaluz.webp\",\"width\":512,\"height\":512,\"caption\":\"Costaluz Estates\"},\"image\":{\"@id\":\"https:\/\/costaluzestates.com\/#\/schema\/logo\/image\/\"},\"sameAs\":[\"https:\/\/www.facebook.com\/people\/Costaluz-Estates\/61561139300552\/\",\"https:\/\/www.instagram.com\/costaluzestates.inmobiliaria\/\"]}]}<\/script>\n<!-- \/ Yoast SEO plugin. -->","yoast_head_json":{"title":"Erreichbarkeit : Costaluz","robots":{"index":"noindex","follow":"follow"},"og_locale":"de_DE","og_type":"article","og_title":"Accesibilidad | Costaluz","og_description":"Accesibilidad COMPROMISO DE ACCESIBILIDAD Juan Antonio Rodr\u00edguez Garc\u00eda se ha comprometido a hacer accesible su sitio web, de conformidad con el Real Decreto 1112\/2018, de 7 de septiembre, sobre accesibilidad de los sitios web y aplicaciones para dispositivos m\u00f3viles.La presente declaraci\u00f3n de accesibilidad se aplica al sitio web https:\/\/www.costaluz.com\/Este sitio web es plenamente conforme con [&hellip;]","og_url":"https:\/\/costaluzestates.com\/de\/zuganglichkeit\/","og_site_name":"Costaluz","article_publisher":"https:\/\/www.facebook.com\/people\/Costaluz-Estates\/61561139300552\/","article_modified_time":"2025-12-02T09:47:43+00:00","og_image":[{"width":1662,"height":1068,"url":"https:\/\/costaluzestates.com\/wp-content\/uploads\/2025\/07\/costaluz-estates.webp","type":"image\/webp"}],"twitter_card":"summary_large_image","twitter_misc":{"Gesch\u00e4tzte Lesezeit":"3\u00a0Minuten"},"schema":{"@context":"https:\/\/schema.org","@graph":[{"@type":"WebPage","@id":"https:\/\/costaluzestates.com\/accesibilidad\/","url":"https:\/\/costaluzestates.com\/accesibilidad\/","name":"Erreichbarkeit : Costaluz","isPartOf":{"@id":"https:\/\/costaluzestates.com\/#website"},"datePublished":"2025-04-10T08:44:26+00:00","dateModified":"2025-12-02T09:47:43+00:00","breadcrumb":{"@id":"https:\/\/costaluzestates.com\/accesibilidad\/#breadcrumb"},"inLanguage":"de","potentialAction":[{"@type":"ReadAction","target":["https:\/\/costaluzestates.com\/accesibilidad\/"]}]},{"@type":"BreadcrumbList","@id":"https:\/\/costaluzestates.com\/accesibilidad\/#breadcrumb","itemListElement":[{"@type":"ListItem","position":1,"name":"Portada","item":"https:\/\/costaluzestates.com\/"},{"@type":"ListItem","position":2,"name":"Accesibilidad"}]},{"@type":"WebSite","@id":"https:\/\/costaluzestates.com\/#website","url":"https:\/\/costaluzestates.com\/","name":"Costaluz-Siedlungen","description":"Wir sind Spezialisten f\u00fcr exklusive Immobilien an der Costa de la Luz. Finden Sie Ihr ideales Zuhause in C\u00e1diz mit individueller und professioneller Beratung.","publisher":{"@id":"https:\/\/costaluzestates.com\/#organization"},"alternateName":"Costaluz Estates Inmobiliaria","potentialAction":[{"@type":"SearchAction","target":{"@type":"EntryPoint","urlTemplate":"https:\/\/costaluzestates.com\/?s={search_term_string}"},"query-input":{"@type":"PropertyValueSpecification","valueRequired":true,"valueName":"search_term_string"}}],"inLanguage":"de"},{"@type":"Organization","@id":"https:\/\/costaluzestates.com\/#organization","name":"Costaluz-Siedlungen","alternateName":"Costaluz Estates Inmobiliaria","url":"https:\/\/costaluzestates.com\/","logo":{"@type":"ImageObject","inLanguage":"de","@id":"https:\/\/costaluzestates.com\/#\/schema\/logo\/image\/","url":"https:\/\/costaluzestates.com\/wp-content\/uploads\/2025\/04\/cropped-favicon-costaluz.webp","contentUrl":"https:\/\/costaluzestates.com\/wp-content\/uploads\/2025\/04\/cropped-favicon-costaluz.webp","width":512,"height":512,"caption":"Costaluz Estates"},"image":{"@id":"https:\/\/costaluzestates.com\/#\/schema\/logo\/image\/"},"sameAs":["https:\/\/www.facebook.com\/people\/Costaluz-Estates\/61561139300552\/","https:\/\/www.instagram.com\/costaluzestates.inmobiliaria\/"]}]}},"_links":{"self":[{"href":"https:\/\/costaluzestates.com\/de\/wp-json\/wp\/v2\/pages\/57","targetHints":{"allow":["GET"]}}],"collection":[{"href":"https:\/\/costaluzestates.com\/de\/wp-json\/wp\/v2\/pages"}],"about":[{"href":"https:\/\/costaluzestates.com\/de\/wp-json\/wp\/v2\/types\/page"}],"author":[{"embeddable":true,"href":"https:\/\/costaluzestates.com\/de\/wp-json\/wp\/v2\/users\/2"}],"replies":[{"embeddable":true,"href":"https:\/\/costaluzestates.com\/de\/wp-json\/wp\/v2\/comments?post=57"}],"version-history":[{"count":1,"href":"https:\/\/costaluzestates.com\/de\/wp-json\/wp\/v2\/pages\/57\/revisions"}],"predecessor-version":[{"id":1398,"href":"https:\/\/costaluzestates.com\/de\/wp-json\/wp\/v2\/pages\/57\/revisions\/1398"}],"wp:attachment":[{"href":"https:\/\/costaluzestates.com\/de\/wp-json\/wp\/v2\/media?parent=57"}],"curies":[{"name":"wp","href":"https:\/\/api.w.org\/{rel}","templated":true}]}}