{"id":338,"date":"2025-04-21T13:19:15","date_gmt":"2025-04-21T11:19:15","guid":{"rendered":"https:\/\/costaluzestates.com\/?page_id=338"},"modified":"2025-12-02T11:37:35","modified_gmt":"2025-12-02T10:37:35","slug":"buy","status":"publish","type":"page","link":"https:\/\/costaluzestates.com\/en\/comprar\/","title":{"rendered":"Buy your property"},"content":{"rendered":"<div data-elementor-type=\"wp-page\" data-elementor-id=\"338\" class=\"elementor elementor-338\" data-elementor-post-type=\"page\">\n\t\t\t\t<div class=\"elementor-element elementor-element-d8b6aa0 e-con-full e-flex e-con e-parent\" data-id=\"d8b6aa0\" data-element_type=\"container\" data-e-type=\"container\">\n\t\t\t\t<div class=\"elementor-element elementor-element-e93557c elementor-widget elementor-widget-html\" data-id=\"e93557c\" data-element_type=\"widget\" data-e-type=\"widget\" data-widget_type=\"html.default\">\n\t\t\t\t\t<iframe src=\"https:\/\/www.webparainmobiliarias.com.es\/frame-clientes\/9726\/?orden=5\" height=\"1900\" onload=\"autofitIframe(this);\" width=\"100%\" scrolling=\"auto\" marginwidth=\"0\" marginheight=\"0\" frameborder=\"0\" data-dashlane-frameid=\"4143\"><\/iframe>\t\t\t\t<\/div>\n\t\t\t\t<\/div>\n\t\t\t\t<\/div>","protected":false},"excerpt":{"rendered":"<p>At Costa Luz Estates we offer real estate consultancy with an international focus, first class legal advice and complete management of all the procedures to buy your home on the Costa de la Luz with total security and efficiency.<\/p>","protected":false},"author":1,"featured_media":748,"parent":0,"menu_order":0,"comment_status":"closed","ping_status":"closed","template":"","meta":{"footnotes":""},"class_list":["post-338","page","type-page","status-publish","has-post-thumbnail","hentry"],"yoast_head":"<!-- This site is optimized with the Yoast SEO plugin v27.2 - https:\/\/yoast.com\/product\/yoast-seo-wordpress\/ -->\n<title>Compra una propiedad en la Costa de la luz | Costaluz Estates<\/title>\n<meta name=\"description\" content=\"Comprar una propiedad en la Costa de la Luz con un equipo experto en gesti\u00f3n integral, asesor\u00eda jur\u00eddica y enfoque internacional.\" \/>\n<meta name=\"robots\" content=\"index, follow, max-snippet:-1, max-image-preview:large, max-video-preview:-1\" \/>\n<link rel=\"canonical\" href=\"https:\/\/costaluzestates.com\/en\/buy\/\" \/>\n<meta property=\"og:locale\" content=\"en_GB\" \/>\n<meta property=\"og:type\" content=\"article\" \/>\n<meta property=\"og:title\" content=\"Compra una propiedad en la Costa de la luz | Costaluz Estates\" \/>\n<meta property=\"og:description\" content=\"Comprar una propiedad en la Costa de la Luz con un equipo experto en gesti\u00f3n integral, asesor\u00eda jur\u00eddica y enfoque internacional.\" \/>\n<meta property=\"og:url\" content=\"https:\/\/costaluzestates.com\/en\/buy\/\" \/>\n<meta property=\"og:site_name\" content=\"Costaluz\" \/>\n<meta property=\"article:publisher\" content=\"https:\/\/www.facebook.com\/people\/Costaluz-Estates\/61561139300552\/\" \/>\n<meta property=\"article:modified_time\" content=\"2025-12-02T10:37:35+00:00\" \/>\n<meta property=\"og:image\" content=\"https:\/\/costaluzestates.com\/wp-content\/uploads\/2025\/06\/casa-en-la-playa-en-venta.webp\" \/>\n\t<meta property=\"og:image:width\" content=\"1812\" \/>\n\t<meta property=\"og:image:height\" content=\"932\" \/>\n\t<meta property=\"og:image:type\" content=\"image\/webp\" \/>\n<meta name=\"twitter:card\" content=\"summary_large_image\" \/>\n<meta name=\"twitter:label1\" content=\"Estimated reading time\" \/>\n\t<meta name=\"twitter:data1\" content=\"1 minute\" \/>\n<script type=\"application\/ld+json\" class=\"yoast-schema-graph\">{\"@context\":\"https:\/\/schema.org\",\"@graph\":[{\"@type\":\"WebPage\",\"@id\":\"https:\/\/costaluzestates.com\/comprar\/\",\"url\":\"https:\/\/costaluzestates.com\/comprar\/\",\"name\":\"Compra una propiedad en la Costa de la luz | Costaluz Estates\",\"isPartOf\":{\"@id\":\"https:\/\/costaluzestates.com\/#website\"},\"primaryImageOfPage\":{\"@id\":\"https:\/\/costaluzestates.com\/comprar\/#primaryimage\"},\"image\":{\"@id\":\"https:\/\/costaluzestates.com\/comprar\/#primaryimage\"},\"thumbnailUrl\":\"https:\/\/costaluzestates.com\/wp-content\/uploads\/2025\/06\/casa-en-la-playa-en-venta.webp\",\"datePublished\":\"2025-04-21T11:19:15+00:00\",\"dateModified\":\"2025-12-02T10:37:35+00:00\",\"description\":\"Comprar una propiedad en la Costa de la Luz con un equipo experto en gesti\u00f3n integral, asesor\u00eda jur\u00eddica y enfoque internacional.\",\"breadcrumb\":{\"@id\":\"https:\/\/costaluzestates.com\/comprar\/#breadcrumb\"},\"inLanguage\":\"en-GB\",\"potentialAction\":[{\"@type\":\"ReadAction\",\"target\":[\"https:\/\/costaluzestates.com\/comprar\/\"]}]},{\"@type\":\"ImageObject\",\"inLanguage\":\"en-GB\",\"@id\":\"https:\/\/costaluzestates.com\/comprar\/#primaryimage\",\"url\":\"https:\/\/costaluzestates.com\/wp-content\/uploads\/2025\/06\/casa-en-la-playa-en-venta.webp\",\"contentUrl\":\"https:\/\/costaluzestates.com\/wp-content\/uploads\/2025\/06\/casa-en-la-playa-en-venta.webp\",\"width\":1812,\"height\":932,\"caption\":\"Comprar propiedad en la Costa de la Luz\"},{\"@type\":\"BreadcrumbList\",\"@id\":\"https:\/\/costaluzestates.com\/comprar\/#breadcrumb\",\"itemListElement\":[{\"@type\":\"ListItem\",\"position\":1,\"name\":\"Portada\",\"item\":\"https:\/\/costaluzestates.com\/\"},{\"@type\":\"ListItem\",\"position\":2,\"name\":\"Compra tu propiedad\"}]},{\"@type\":\"WebSite\",\"@id\":\"https:\/\/costaluzestates.com\/#website\",\"url\":\"https:\/\/costaluzestates.com\/\",\"name\":\"Costaluz Estates\",\"description\":\"Especialistas en propiedades exclusivas en la Costa de la Luz. Encuentra tu hogar ideal en C\u00e1diz con asesoramiento personalizado y profesional.\",\"publisher\":{\"@id\":\"https:\/\/costaluzestates.com\/#organization\"},\"alternateName\":\"Costaluz Estates Inmobiliaria\",\"potentialAction\":[{\"@type\":\"SearchAction\",\"target\":{\"@type\":\"EntryPoint\",\"urlTemplate\":\"https:\/\/costaluzestates.com\/?s={search_term_string}\"},\"query-input\":{\"@type\":\"PropertyValueSpecification\",\"valueRequired\":true,\"valueName\":\"search_term_string\"}}],\"inLanguage\":\"en-GB\"},{\"@type\":\"Organization\",\"@id\":\"https:\/\/costaluzestates.com\/#organization\",\"name\":\"Costaluz Estates\",\"alternateName\":\"Costaluz Estates Inmobiliaria\",\"url\":\"https:\/\/costaluzestates.com\/\",\"logo\":{\"@type\":\"ImageObject\",\"inLanguage\":\"en-GB\",\"@id\":\"https:\/\/costaluzestates.com\/#\/schema\/logo\/image\/\",\"url\":\"https:\/\/costaluzestates.com\/wp-content\/uploads\/2025\/04\/cropped-favicon-costaluz.webp\",\"contentUrl\":\"https:\/\/costaluzestates.com\/wp-content\/uploads\/2025\/04\/cropped-favicon-costaluz.webp\",\"width\":512,\"height\":512,\"caption\":\"Costaluz Estates\"},\"image\":{\"@id\":\"https:\/\/costaluzestates.com\/#\/schema\/logo\/image\/\"},\"sameAs\":[\"https:\/\/www.facebook.com\/people\/Costaluz-Estates\/61561139300552\/\",\"https:\/\/www.instagram.com\/costaluzestates.inmobiliaria\/\"]}]}<\/script>\n<!-- \/ Yoast SEO plugin. -->","yoast_head_json":{"title":"Buy a property on the Costa de la luz | Costaluz Estates","description":"Buying a property on the Costa de la Luz with an expert team in integrated management, legal advice and international approach.","robots":{"index":"index","follow":"follow","max-snippet":"max-snippet:-1","max-image-preview":"max-image-preview:large","max-video-preview":"max-video-preview:-1"},"canonical":"https:\/\/costaluzestates.com\/en\/buy\/","og_locale":"en_GB","og_type":"article","og_title":"Compra una propiedad en la Costa de la luz | Costaluz Estates","og_description":"Comprar una propiedad en la Costa de la Luz con un equipo experto en gesti\u00f3n integral, asesor\u00eda jur\u00eddica y enfoque internacional.","og_url":"https:\/\/costaluzestates.com\/en\/buy\/","og_site_name":"Costaluz","article_publisher":"https:\/\/www.facebook.com\/people\/Costaluz-Estates\/61561139300552\/","article_modified_time":"2025-12-02T10:37:35+00:00","og_image":[{"width":1812,"height":932,"url":"https:\/\/costaluzestates.com\/wp-content\/uploads\/2025\/06\/casa-en-la-playa-en-venta.webp","type":"image\/webp"}],"twitter_card":"summary_large_image","twitter_misc":{"Estimated reading time":"1 minute"},"schema":{"@context":"https:\/\/schema.org","@graph":[{"@type":"WebPage","@id":"https:\/\/costaluzestates.com\/comprar\/","url":"https:\/\/costaluzestates.com\/comprar\/","name":"Buy a property on the Costa de la luz | Costaluz Estates","isPartOf":{"@id":"https:\/\/costaluzestates.com\/#website"},"primaryImageOfPage":{"@id":"https:\/\/costaluzestates.com\/comprar\/#primaryimage"},"image":{"@id":"https:\/\/costaluzestates.com\/comprar\/#primaryimage"},"thumbnailUrl":"https:\/\/costaluzestates.com\/wp-content\/uploads\/2025\/06\/casa-en-la-playa-en-venta.webp","datePublished":"2025-04-21T11:19:15+00:00","dateModified":"2025-12-02T10:37:35+00:00","description":"Buying a property on the Costa de la Luz with an expert team in integrated management, legal advice and international approach.","breadcrumb":{"@id":"https:\/\/costaluzestates.com\/comprar\/#breadcrumb"},"inLanguage":"en-GB","potentialAction":[{"@type":"ReadAction","target":["https:\/\/costaluzestates.com\/comprar\/"]}]},{"@type":"ImageObject","inLanguage":"en-GB","@id":"https:\/\/costaluzestates.com\/comprar\/#primaryimage","url":"https:\/\/costaluzestates.com\/wp-content\/uploads\/2025\/06\/casa-en-la-playa-en-venta.webp","contentUrl":"https:\/\/costaluzestates.com\/wp-content\/uploads\/2025\/06\/casa-en-la-playa-en-venta.webp","width":1812,"height":932,"caption":"Comprar propiedad en la Costa de la Luz"},{"@type":"BreadcrumbList","@id":"https:\/\/costaluzestates.com\/comprar\/#breadcrumb","itemListElement":[{"@type":"ListItem","position":1,"name":"Portada","item":"https:\/\/costaluzestates.com\/"},{"@type":"ListItem","position":2,"name":"Compra tu propiedad"}]},{"@type":"WebSite","@id":"https:\/\/costaluzestates.com\/#website","url":"https:\/\/costaluzestates.com\/","name":"Costaluz Estates","description":"Specialists in exclusive properties on the Costa de la Luz. Find your ideal home in Cadiz with personalised and professional advice.","publisher":{"@id":"https:\/\/costaluzestates.com\/#organization"},"alternateName":"Costaluz Estates Inmobiliaria","potentialAction":[{"@type":"SearchAction","target":{"@type":"EntryPoint","urlTemplate":"https:\/\/costaluzestates.com\/?s={search_term_string}"},"query-input":{"@type":"PropertyValueSpecification","valueRequired":true,"valueName":"search_term_string"}}],"inLanguage":"en-GB"},{"@type":"Organization","@id":"https:\/\/costaluzestates.com\/#organization","name":"Costaluz Estates","alternateName":"Costaluz Estates Inmobiliaria","url":"https:\/\/costaluzestates.com\/","logo":{"@type":"ImageObject","inLanguage":"en-GB","@id":"https:\/\/costaluzestates.com\/#\/schema\/logo\/image\/","url":"https:\/\/costaluzestates.com\/wp-content\/uploads\/2025\/04\/cropped-favicon-costaluz.webp","contentUrl":"https:\/\/costaluzestates.com\/wp-content\/uploads\/2025\/04\/cropped-favicon-costaluz.webp","width":512,"height":512,"caption":"Costaluz Estates"},"image":{"@id":"https:\/\/costaluzestates.com\/#\/schema\/logo\/image\/"},"sameAs":["https:\/\/www.facebook.com\/people\/Costaluz-Estates\/61561139300552\/","https:\/\/www.instagram.com\/costaluzestates.inmobiliaria\/"]}]}},"_links":{"self":[{"href":"https:\/\/costaluzestates.com\/en\/wp-json\/wp\/v2\/pages\/338","targetHints":{"allow":["GET"]}}],"collection":[{"href":"https:\/\/costaluzestates.com\/en\/wp-json\/wp\/v2\/pages"}],"about":[{"href":"https:\/\/costaluzestates.com\/en\/wp-json\/wp\/v2\/types\/page"}],"author":[{"embeddable":true,"href":"https:\/\/costaluzestates.com\/en\/wp-json\/wp\/v2\/users\/1"}],"replies":[{"embeddable":true,"href":"https:\/\/costaluzestates.com\/en\/wp-json\/wp\/v2\/comments?post=338"}],"version-history":[{"count":4,"href":"https:\/\/costaluzestates.com\/en\/wp-json\/wp\/v2\/pages\/338\/revisions"}],"predecessor-version":[{"id":1412,"href":"https:\/\/costaluzestates.com\/en\/wp-json\/wp\/v2\/pages\/338\/revisions\/1412"}],"wp:featuredmedia":[{"embeddable":true,"href":"https:\/\/costaluzestates.com\/en\/wp-json\/wp\/v2\/media\/748"}],"wp:attachment":[{"href":"https:\/\/costaluzestates.com\/en\/wp-json\/wp\/v2\/media?parent=338"}],"curies":[{"name":"wp","href":"https:\/\/api.w.org\/{rel}","templated":true}]}}