{"id":47,"date":"2025-04-10T10:43:33","date_gmt":"2025-04-10T08:43:33","guid":{"rendered":"https:\/\/costaluzestates.com\/?page_id=47"},"modified":"2026-05-08T10:39:19","modified_gmt":"2026-05-08T08:39:19","slug":"cookie-policy","status":"publish","type":"page","link":"https:\/\/costaluzestates.com\/en\/politica-cookies\/","title":{"rendered":"Cookies policy"},"content":{"rendered":"<div data-elementor-type=\"wp-page\" data-elementor-id=\"47\" class=\"elementor elementor-47\" data-elementor-post-type=\"page\">\n\t\t\t\t<div class=\"elementor-element elementor-element-dfa5ada e-flex e-con-boxed e-con e-parent\" data-id=\"dfa5ada\" data-element_type=\"container\" data-e-type=\"container\">\n\t\t\t\t\t<div class=\"e-con-inner\">\n\t\t\t\t<div class=\"elementor-element elementor-element-642f359 elementor-widget elementor-widget-heading\" data-id=\"642f359\" data-element_type=\"widget\" data-e-type=\"widget\" data-widget_type=\"heading.default\">\n\t\t\t\t\t<h2 class=\"elementor-heading-title elementor-size-default\">Cookie Policy<\/h2>\t\t\t\t<\/div>\n\t\t\t\t<div class=\"elementor-element elementor-element-8ba364f elementor-widget elementor-widget-text-editor\" data-id=\"8ba364f\" data-element_type=\"widget\" data-e-type=\"widget\" data-widget_type=\"text-editor.default\">\n\t\t\t\t\t\t\t\t\t<p>1. Definition and functions of cookies.<\/p>\t\t\t\t\t\t\t\t<\/div>\n\t\t\t\t<div class=\"elementor-element elementor-element-0f241a2 elementor-widget elementor-widget-text-editor\" data-id=\"0f241a2\" data-element_type=\"widget\" data-e-type=\"widget\" data-widget_type=\"text-editor.default\">\n\t\t\t\t\t\t\t\t\t<p>A cookie is a file that is downloaded onto the User's computer when they access certain websites. Among other things, cookies allow the website to store and retrieve information about the User's browsing habits or their computer, and depending on the information they contain and how the computer is used, they can be used to recognise the User.<\/p>\t\t\t\t\t\t\t\t<\/div>\n\t\t\t\t<div class=\"elementor-element elementor-element-9cd4023 elementor-widget elementor-widget-text-editor\" data-id=\"9cd4023\" data-element_type=\"widget\" data-e-type=\"widget\" data-widget_type=\"text-editor.default\">\n\t\t\t\t\t\t\t\t\t<p>2. Types of cookies this Website may use.<\/p>\t\t\t\t\t\t\t\t<\/div>\n\t\t\t\t<div class=\"elementor-element elementor-element-6f53c3f elementor-widget elementor-widget-text-editor\" data-id=\"6f53c3f\" data-element_type=\"widget\" data-e-type=\"widget\" data-widget_type=\"text-editor.default\">\n\t\t\t\t\t\t\t\t\t<p>\u2022 First-party cookies: These are cookies sent to the User's terminal equipment from a computer or domain managed by the Owner and from which the service requested by the User is provided.<\/p><p>Functional cookies: These are the cookies necessary for the correct functioning of the Website.<\/p><p>\u2022 Third-party cookies: These are cookies sent to the User's terminal equipment from a computer or domain not managed by the Owner, but by another entity that processes the data obtained through the cookies.<\/p><p>\u2022 Analytical cookies: These are cookies that, when processed by the Owner or by third parties, allow the number of Users to be quantified and thus enable the measurement and statistical analysis of how Users use the service offered. To this end, their browsing is analysed in order to improve the range of products or services offered.<\/p>\t\t\t\t\t\t\t\t<\/div>\n\t\t\t\t<div class=\"elementor-element elementor-element-b515a88 elementor-widget elementor-widget-text-editor\" data-id=\"b515a88\" data-element_type=\"widget\" data-e-type=\"widget\" data-widget_type=\"text-editor.default\">\n\t\t\t\t\t\t\t\t\t<p>3. Revocation and deletion of cookies.<\/p>\t\t\t\t\t\t\t\t<\/div>\n\t\t\t\t<div class=\"elementor-element elementor-element-7aff2f4 elementor-widget elementor-widget-text-editor\" data-id=\"7aff2f4\" data-element_type=\"widget\" data-e-type=\"widget\" data-widget_type=\"text-editor.default\">\n\t\t\t\t\t\t\t\t\t<p>The User may at any time select, reject, or configure the use of Cookies, through the cookie consent management tool available in each APP.<\/p><p>The User may also allow, block or delete cookies installed on their computer by configuring the options of the installed browser. If cookies are not allowed in their browser, they may not be able to access some sections of the Website. Information on how to configure cookies according to the browser used can be found at the following links (links valid as of the date of editing of this text).<\/p><p>For more information on how to block the use of cookies in Chrome<\/p><p>http:\/\/support.google.com\/chrome\/bin\/answer.py?hl=es&amp;answer=95647<br \/>For more information on how to block the use of cookies in Firefox<\/p><p>http:\/\/support.mozilla.org\/es\/kb\/habilitar-y-deshabilitar-cookies-que-los-sitios-we<br \/>For more information on how to block the use of cookies in Edge<\/p><p>https:\/\/support.microsoft.com\/es-es\/windows\/administrar-cookies-en-microsoft-edge-ver-permitir-bloquear-eliminar-y-usar-168dab11-0753-043d-7c16-ede5947fc64d<\/p><p>For more information on how to block the use of cookies in Safari<\/p><p>http:\/\/support.apple.com\/kb\/ph5042<\/p><p>The Owner is not responsible for the content and accuracy of the privacy policies of third parties included in the links of this Legal Notice.<\/p>\t\t\t\t\t\t\t\t<\/div>\n\t\t\t\t<div class=\"elementor-element elementor-element-3fabe7d elementor-widget elementor-widget-text-editor\" data-id=\"3fabe7d\" data-element_type=\"widget\" data-e-type=\"widget\" data-widget_type=\"text-editor.default\">\n\t\t\t\t\t\t\t\t\t<p>4. Third-party service providers.<\/p>\t\t\t\t\t\t\t\t<\/div>\n\t\t\t\t<div class=\"elementor-element elementor-element-7943392 elementor-widget elementor-widget-text-editor\" data-id=\"7943392\" data-element_type=\"widget\" data-e-type=\"widget\" data-widget_type=\"text-editor.default\">\n\t\t\t\t\t\t\t\t\t<p>Specifically, the third parties with whom a service requiring the use of cookies has been managed are:<\/p><table width=\"711\" cellspacing=\"0\" cellpadding=\"7\"><tbody><tr valign=\"top\"><td bgcolor=\"#c0c0c0\" width=\"105\"><p class=\"western\" lang=\"es-ES-u-co-trad\"><span style=\"font-family: Arial, sans-serif;\"><span style=\"font-size: xx-small;\"><b>Supplier<\/b><\/span><\/span><\/p><\/td><td bgcolor=\"#c0c0c0\" width=\"137\"><p class=\"western\" lang=\"es-ES-u-co-trad\"><span style=\"font-family: Arial, sans-serif;\"><span style=\"font-size: xx-small;\"><b>Purpose of the cookie<\/b><\/span><\/span><\/p><\/td><td bgcolor=\"#c0c0c0\" width=\"251\"><p class=\"western\" lang=\"es-ES-u-co-trad\"><span style=\"font-family: Arial, sans-serif;\"><span style=\"font-size: xx-small;\"><b>Cookie purpose description<\/b><\/span><\/span><\/p><\/td><td bgcolor=\"#c0c0c0\" width=\"161\"><p class=\"western\" lang=\"es-ES-u-co-trad\"><span style=\"font-family: Arial, sans-serif;\"><span style=\"font-size: xx-small;\"><b>Shelf life<\/b><\/span><\/span><\/p><\/td><\/tr><tr valign=\"top\"><td width=\"105\">\u00a0<\/td><td width=\"137\">\u00a0<\/td><td width=\"251\">\u00a0<\/td><td width=\"161\">\u00a0<\/td><\/tr><tr valign=\"top\"><td width=\"105\">\u00a0<\/td><td width=\"137\">\u00a0<\/td><td width=\"251\">\u00a0<\/td><td width=\"161\">\u00a0<\/td><\/tr><tr valign=\"top\"><td width=\"105\">\u00a0<\/td><td width=\"137\">\u00a0<\/td><td width=\"251\">\u00a0<\/td><td width=\"161\">\u00a0<\/td><\/tr><tr valign=\"top\"><td width=\"105\">\u00a0<\/td><td width=\"137\">\u00a0<\/td><td width=\"251\">\u00a0<\/td><td width=\"161\">\u00a0<\/td><\/tr><tr valign=\"top\"><td width=\"105\">\u00a0<\/td><td width=\"137\">\u00a0<\/td><td width=\"251\">\u00a0<\/td><td width=\"161\">\u00a0<\/td><\/tr><tr valign=\"top\"><td width=\"105\">\u00a0<\/td><td width=\"137\">\u00a0<\/td><td width=\"251\">\u00a0<\/td><td width=\"161\">\u00a0<\/td><\/tr><tr valign=\"top\"><td width=\"105\">\u00a0<\/td><td width=\"137\">\u00a0<\/td><td width=\"251\">\u00a0<\/td><td width=\"161\">\u00a0<\/td><\/tr><tr valign=\"top\"><td width=\"105\">\u00a0<\/td><td width=\"137\">\u00a0<\/td><td width=\"251\">\u00a0<\/td><td width=\"161\">\u00a0<\/td><\/tr><tr valign=\"top\"><td width=\"105\">\u00a0<\/td><td width=\"137\">\u00a0<\/td><td width=\"251\">\u00a0<\/td><td width=\"161\">\u00a0<\/td><\/tr><tr valign=\"top\"><td width=\"105\">\u00a0<\/td><td width=\"137\">\u00a0<\/td><td width=\"251\">\u00a0<\/td><td width=\"161\">\u00a0<\/td><\/tr><tr valign=\"top\"><td width=\"105\">\u00a0<\/td><td width=\"137\">\u00a0<\/td><td width=\"251\">\u00a0<\/td><td width=\"161\">\u00a0<\/td><\/tr><tr valign=\"top\"><td width=\"105\">\u00a0<\/td><td width=\"137\">\u00a0<\/td><td width=\"251\">\u00a0<\/td><td width=\"161\">\u00a0<\/td><\/tr><tr valign=\"top\"><td width=\"105\">\u00a0<\/td><td width=\"137\">\u00a0<\/td><td width=\"251\">\u00a0<\/td><td width=\"161\">\u00a0<\/td><\/tr><tr valign=\"top\"><td width=\"105\">\u00a0<\/td><td width=\"137\">\u00a0<\/td><td width=\"251\">\u00a0<\/td><td width=\"161\">\u00a0<\/td><\/tr><tr valign=\"top\"><td width=\"105\">\u00a0<\/td><td width=\"137\">\u00a0<\/td><td width=\"251\">\u00a0<\/td><td width=\"161\">\u00a0<\/td><\/tr><tr valign=\"top\"><td width=\"105\">\u00a0<\/td><td width=\"137\">\u00a0<\/td><td width=\"251\">\u00a0<\/td><td width=\"161\">\u00a0<\/td><\/tr><tr valign=\"top\"><td width=\"105\">\u00a0<\/td><td width=\"137\">\u00a0<\/td><td width=\"251\">\u00a0<\/td><td width=\"161\">\u00a0<\/td><\/tr><tr valign=\"top\"><td width=\"105\">\u00a0<\/td><td width=\"137\">\u00a0<\/td><td width=\"251\">\u00a0<\/td><td width=\"161\">\u00a0<\/td><\/tr><tr valign=\"top\"><td width=\"105\">\u00a0<\/td><td width=\"137\">\u00a0<\/td><td width=\"251\">\u00a0<\/td><td width=\"161\">\u00a0<\/td><\/tr><tr valign=\"top\"><td width=\"105\">\u00a0<\/td><td width=\"137\">\u00a0<\/td><td width=\"251\">\u00a0<\/td><td width=\"161\">\u00a0<\/td><\/tr><tr valign=\"top\"><td width=\"105\">\u00a0<\/td><td width=\"137\">\u00a0<\/td><td width=\"251\">\u00a0<\/td><td width=\"161\">\u00a0<\/td><\/tr><tr valign=\"top\"><td width=\"105\">\u00a0<\/td><td width=\"137\">\u00a0<\/td><td width=\"251\">\u00a0<\/td><td width=\"161\">\u00a0<\/td><\/tr><tr valign=\"top\"><td width=\"105\"><p class=\"western\"><a name=\"_Hlk514194898\"><\/a> <\/p><\/td><td width=\"137\">\u00a0<\/td><td width=\"251\">\u00a0<\/td><td width=\"161\">\u00a0<\/td><\/tr><tr valign=\"top\"><td width=\"105\">\u00a0<\/td><td width=\"137\">\u00a0<\/td><td width=\"251\">\u00a0<\/td><td width=\"161\">\u00a0<\/td><\/tr><tr valign=\"top\"><td width=\"105\">\u00a0<\/td><td width=\"137\">\u00a0<\/td><td width=\"251\">\u00a0<\/td><td width=\"161\">\u00a0<\/td><\/tr><\/tbody><\/table><p>The Holder disclaims any responsibility regarding the content and veracity of information and privacy policies relating to third-party cookies.<\/p><p>For more information about the use of cookies on this Website, users can request it via the contact form or at info@templecambria.com<\/p><p>This policy was amended on 6 May 2026.<\/p>\t\t\t\t\t\t\t\t<\/div>\n\t\t\t\t<div class=\"elementor-element elementor-element-5790297 elementor-widget elementor-widget-text-editor\" data-id=\"5790297\" data-element_type=\"widget\" data-e-type=\"widget\" data-widget_type=\"text-editor.default\">\n\t\t\t\t\t\t\t\t\t<p>5. Web Analytics \u2013 Google Analytics<\/p>\t\t\t\t\t\t\t\t<\/div>\n\t\t\t\t<div class=\"elementor-element elementor-element-1084f44 elementor-widget elementor-widget-text-editor\" data-id=\"1084f44\" data-element_type=\"widget\" data-e-type=\"widget\" data-widget_type=\"text-editor.default\">\n\t\t\t\t\t\t\t\t\t<p>This Website may use Google Analytics, a web analytics service provided by Google, Inc., whose registered office is located at 1600 Amphitheatre Parkway, Mountain View (California), CA 94043, United States (\u00abGoogle\u00bb). This tool allows the Owner to know the degree of user engagement with the Website, with the possibility of consulting various reports describing how users interact with the Website in order to improve it. Google Analytics collects information anonymously, meaning it reports on Website trends without identifying its users.<\/p><p>Google Analytics uses first-party \u00abcookies\u00bb, which are text files placed on your computer, to track User interactions on the Website. These cookies are used to store information such as the time of the visit, whether the User has been to the site before, and what site recommended the User to visit this particular Website. First-party cookies are not shared across browsers for the same domain.<\/p><p>All devices and equipment connected to the internet are assigned a unique number known as an \u00abInternet protocol address\u00bb or \u00abIP address\u00bb. Since these numbers are usually assigned based on country, IP addresses are often used to identify the country, state, and city from which the equipment is connected to the internet. Google Analytics records the IP address of Users visiting the Website so that the Owner can know from which points on the planet the site is being visited. This method is called \u00abIP geolocation\u00bb. Google Analytics does not provide information about the real IP address.<\/p><p>The Google Analytics Terms of Service prohibit tracking or collecting personally identifiable information (such as names, email addresses, or billing information, and other associated data) through Google Analytics, or associating personal information with web analytics data.<\/p><p>The data controller can control the information that Google can use and decide whether they want Google to engage with this data or not through the Google Analytics data sharing options. The data is used to improve Google's products and services.<\/p><p>In order to offer Users more choices regarding how Google Analytics collects their data, the Google Analytics opt-out browser add-on has been developed. This add-on instructs the Google Analytics JavaScript (ga.js) that information about the website visit should not be sent to Google Analytics. However, it does not prevent information from being sent to the website itself or to other web analytics services. The User may refuse the processing of data or information by refusing the use of cookies by selecting the appropriate settings on their browser; however, the User should be aware that if they do so, they may not be able to use the full functionality of this Website.<\/p><p>By using this Website, the User consents to the processing of their information by Google and the Owner in the manner and for the purposes indicated above. For more information about this tool and Google's privacy policy, Users are recommended to visit the following link: http:\/\/www.google.es\/intl\/es\/policies\/<\/p>\t\t\t\t\t\t\t\t<\/div>\n\t\t\t\t\t<\/div>\n\t\t\t\t<\/div>\n\t\t\t\t<\/div>","protected":false},"excerpt":{"rendered":"<p>Pol\u00edtica de Cookies 1. Definici\u00f3n y funciones de las cookies. Una cookie es un fichero que se descarga en el equipo del Usuario al acceder a determinados sitios web. Las cookies permiten al sitio web, entre otras cosas, almacenar y recuperar informaci\u00f3n sobre los h\u00e1bitos de navegaci\u00f3n del Usuario o de su equipo y, dependiendo [&hellip;]<\/p>\n","protected":false},"author":2,"featured_media":0,"parent":0,"menu_order":0,"comment_status":"closed","ping_status":"closed","template":"","meta":{"footnotes":""},"class_list":["post-47","page","type-page","status-publish","hentry"],"yoast_head":"<!-- This site is optimized with the Yoast SEO plugin v27.6 - https:\/\/yoast.com\/product\/yoast-seo-wordpress\/ -->\n<title>Pol\u00edtica de cookies | Costaluz<\/title>\n<meta name=\"robots\" content=\"noindex, follow\" \/>\n<meta property=\"og:locale\" content=\"en_GB\" \/>\n<meta property=\"og:type\" content=\"article\" \/>\n<meta property=\"og:title\" content=\"Pol\u00edtica de cookies | Costaluz\" \/>\n<meta property=\"og:description\" content=\"Pol\u00edtica de Cookies 1. Definici\u00f3n y funciones de las cookies. Una cookie es un fichero que se descarga en el equipo del Usuario al acceder a determinados sitios web. Las cookies permiten al sitio web, entre otras cosas, almacenar y recuperar informaci\u00f3n sobre los h\u00e1bitos de navegaci\u00f3n del Usuario o de su equipo y, dependiendo [&hellip;]\" \/>\n<meta property=\"og:url\" content=\"https:\/\/costaluzestates.com\/en\/cookie-policy\/\" \/>\n<meta property=\"og:site_name\" content=\"Costaluz\" \/>\n<meta property=\"article:publisher\" content=\"https:\/\/www.facebook.com\/people\/Costaluz-Estates\/61561139300552\/\" \/>\n<meta property=\"article:modified_time\" content=\"2026-05-08T08:39:19+00:00\" \/>\n<meta property=\"og:image\" content=\"https:\/\/costaluzestates.com\/wp-content\/uploads\/2025\/07\/costaluz-estates.webp\" \/>\n\t<meta property=\"og:image:width\" content=\"1662\" \/>\n\t<meta property=\"og:image:height\" content=\"1068\" \/>\n\t<meta property=\"og:image:type\" content=\"image\/webp\" \/>\n<meta name=\"twitter:card\" content=\"summary_large_image\" \/>\n<meta name=\"twitter:label1\" content=\"Estimated reading time\" \/>\n\t<meta name=\"twitter:data1\" content=\"6 minutes\" \/>\n<script type=\"application\/ld+json\" class=\"yoast-schema-graph\">{\"@context\":\"https:\\\/\\\/schema.org\",\"@graph\":[{\"@type\":\"WebPage\",\"@id\":\"https:\\\/\\\/costaluzestates.com\\\/politica-cookies\\\/\",\"url\":\"https:\\\/\\\/costaluzestates.com\\\/politica-cookies\\\/\",\"name\":\"Pol\u00edtica de cookies | Costaluz\",\"isPartOf\":{\"@id\":\"https:\\\/\\\/costaluzestates.com\\\/#website\"},\"datePublished\":\"2025-04-10T08:43:33+00:00\",\"dateModified\":\"2026-05-08T08:39:19+00:00\",\"breadcrumb\":{\"@id\":\"https:\\\/\\\/costaluzestates.com\\\/politica-cookies\\\/#breadcrumb\"},\"inLanguage\":\"en-GB\",\"potentialAction\":[{\"@type\":\"ReadAction\",\"target\":[\"https:\\\/\\\/costaluzestates.com\\\/politica-cookies\\\/\"]}]},{\"@type\":\"BreadcrumbList\",\"@id\":\"https:\\\/\\\/costaluzestates.com\\\/politica-cookies\\\/#breadcrumb\",\"itemListElement\":[{\"@type\":\"ListItem\",\"position\":1,\"name\":\"Portada\",\"item\":\"https:\\\/\\\/costaluzestates.com\\\/\"},{\"@type\":\"ListItem\",\"position\":2,\"name\":\"Pol\u00edtica de cookies\"}]},{\"@type\":\"WebSite\",\"@id\":\"https:\\\/\\\/costaluzestates.com\\\/#website\",\"url\":\"https:\\\/\\\/costaluzestates.com\\\/\",\"name\":\"Costaluz Estates\",\"description\":\"Especialistas en propiedades exclusivas en la Costa de la Luz. Encuentra tu hogar ideal en C\u00e1diz con asesoramiento personalizado y profesional.\",\"publisher\":{\"@id\":\"https:\\\/\\\/costaluzestates.com\\\/#organization\"},\"alternateName\":\"Costaluz Estates Inmobiliaria\",\"potentialAction\":[{\"@type\":\"SearchAction\",\"target\":{\"@type\":\"EntryPoint\",\"urlTemplate\":\"https:\\\/\\\/costaluzestates.com\\\/?s={search_term_string}\"},\"query-input\":{\"@type\":\"PropertyValueSpecification\",\"valueRequired\":true,\"valueName\":\"search_term_string\"}}],\"inLanguage\":\"en-GB\"},{\"@type\":\"Organization\",\"@id\":\"https:\\\/\\\/costaluzestates.com\\\/#organization\",\"name\":\"Costaluz Estates\",\"alternateName\":\"Costaluz Estates Inmobiliaria\",\"url\":\"https:\\\/\\\/costaluzestates.com\\\/\",\"logo\":{\"@type\":\"ImageObject\",\"inLanguage\":\"en-GB\",\"@id\":\"https:\\\/\\\/costaluzestates.com\\\/#\\\/schema\\\/logo\\\/image\\\/\",\"url\":\"https:\\\/\\\/costaluzestates.com\\\/wp-content\\\/uploads\\\/2025\\\/04\\\/cropped-favicon-costaluz.webp\",\"contentUrl\":\"https:\\\/\\\/costaluzestates.com\\\/wp-content\\\/uploads\\\/2025\\\/04\\\/cropped-favicon-costaluz.webp\",\"width\":512,\"height\":512,\"caption\":\"Costaluz Estates\"},\"image\":{\"@id\":\"https:\\\/\\\/costaluzestates.com\\\/#\\\/schema\\\/logo\\\/image\\\/\"},\"sameAs\":[\"https:\\\/\\\/www.facebook.com\\\/people\\\/Costaluz-Estates\\\/61561139300552\\\/\",\"https:\\\/\\\/www.instagram.com\\\/costaluzestates.inmobiliaria\\\/\"]}]}<\/script>\n<!-- \/ Yoast SEO plugin. -->","yoast_head_json":{"title":"Cookies policy | Costaluz","robots":{"index":"noindex","follow":"follow"},"og_locale":"en_GB","og_type":"article","og_title":"Pol\u00edtica de cookies | Costaluz","og_description":"Pol\u00edtica de Cookies 1. Definici\u00f3n y funciones de las cookies. Una cookie es un fichero que se descarga en el equipo del Usuario al acceder a determinados sitios web. Las cookies permiten al sitio web, entre otras cosas, almacenar y recuperar informaci\u00f3n sobre los h\u00e1bitos de navegaci\u00f3n del Usuario o de su equipo y, dependiendo [&hellip;]","og_url":"https:\/\/costaluzestates.com\/en\/cookie-policy\/","og_site_name":"Costaluz","article_publisher":"https:\/\/www.facebook.com\/people\/Costaluz-Estates\/61561139300552\/","article_modified_time":"2026-05-08T08:39:19+00:00","og_image":[{"width":1662,"height":1068,"url":"https:\/\/costaluzestates.com\/wp-content\/uploads\/2025\/07\/costaluz-estates.webp","type":"image\/webp"}],"twitter_card":"summary_large_image","twitter_misc":{"Estimated reading time":"6 minutes"},"schema":{"@context":"https:\/\/schema.org","@graph":[{"@type":"WebPage","@id":"https:\/\/costaluzestates.com\/politica-cookies\/","url":"https:\/\/costaluzestates.com\/politica-cookies\/","name":"Cookies policy | Costaluz","isPartOf":{"@id":"https:\/\/costaluzestates.com\/#website"},"datePublished":"2025-04-10T08:43:33+00:00","dateModified":"2026-05-08T08:39:19+00:00","breadcrumb":{"@id":"https:\/\/costaluzestates.com\/politica-cookies\/#breadcrumb"},"inLanguage":"en-GB","potentialAction":[{"@type":"ReadAction","target":["https:\/\/costaluzestates.com\/politica-cookies\/"]}]},{"@type":"BreadcrumbList","@id":"https:\/\/costaluzestates.com\/politica-cookies\/#breadcrumb","itemListElement":[{"@type":"ListItem","position":1,"name":"Portada","item":"https:\/\/costaluzestates.com\/"},{"@type":"ListItem","position":2,"name":"Pol\u00edtica de cookies"}]},{"@type":"WebSite","@id":"https:\/\/costaluzestates.com\/#website","url":"https:\/\/costaluzestates.com\/","name":"Costaluz Estates","description":"Specialists in exclusive properties on the Costa de la Luz. Find your ideal home in Cadiz with personalised and professional advice.","publisher":{"@id":"https:\/\/costaluzestates.com\/#organization"},"alternateName":"Costaluz Estates Inmobiliaria","potentialAction":[{"@type":"SearchAction","target":{"@type":"EntryPoint","urlTemplate":"https:\/\/costaluzestates.com\/?s={search_term_string}"},"query-input":{"@type":"PropertyValueSpecification","valueRequired":true,"valueName":"search_term_string"}}],"inLanguage":"en-GB"},{"@type":"Organization","@id":"https:\/\/costaluzestates.com\/#organization","name":"Costaluz Estates","alternateName":"Costaluz Estates Inmobiliaria","url":"https:\/\/costaluzestates.com\/","logo":{"@type":"ImageObject","inLanguage":"en-GB","@id":"https:\/\/costaluzestates.com\/#\/schema\/logo\/image\/","url":"https:\/\/costaluzestates.com\/wp-content\/uploads\/2025\/04\/cropped-favicon-costaluz.webp","contentUrl":"https:\/\/costaluzestates.com\/wp-content\/uploads\/2025\/04\/cropped-favicon-costaluz.webp","width":512,"height":512,"caption":"Costaluz Estates"},"image":{"@id":"https:\/\/costaluzestates.com\/#\/schema\/logo\/image\/"},"sameAs":["https:\/\/www.facebook.com\/people\/Costaluz-Estates\/61561139300552\/","https:\/\/www.instagram.com\/costaluzestates.inmobiliaria\/"]}]}},"_links":{"self":[{"href":"https:\/\/costaluzestates.com\/en\/wp-json\/wp\/v2\/pages\/47","targetHints":{"allow":["GET"]}}],"collection":[{"href":"https:\/\/costaluzestates.com\/en\/wp-json\/wp\/v2\/pages"}],"about":[{"href":"https:\/\/costaluzestates.com\/en\/wp-json\/wp\/v2\/types\/page"}],"author":[{"embeddable":true,"href":"https:\/\/costaluzestates.com\/en\/wp-json\/wp\/v2\/users\/2"}],"replies":[{"embeddable":true,"href":"https:\/\/costaluzestates.com\/en\/wp-json\/wp\/v2\/comments?post=47"}],"version-history":[{"count":4,"href":"https:\/\/costaluzestates.com\/en\/wp-json\/wp\/v2\/pages\/47\/revisions"}],"predecessor-version":[{"id":1528,"href":"https:\/\/costaluzestates.com\/en\/wp-json\/wp\/v2\/pages\/47\/revisions\/1528"}],"wp:attachment":[{"href":"https:\/\/costaluzestates.com\/en\/wp-json\/wp\/v2\/media?parent=47"}],"curies":[{"name":"wp","href":"https:\/\/api.w.org\/{rel}","templated":true}]}}